{"id":4217,"date":"2023-05-10T08:53:07","date_gmt":"2023-05-10T08:53:07","guid":{"rendered":"https:\/\/praguescort.cz\/tarifni-plan\/"},"modified":"2026-01-25T18:12:24","modified_gmt":"2026-01-25T18:12:24","slug":"tarifni-plan","status":"publish","type":"page","link":"https:\/\/praguescort.cz\/cs\/tarifni-plan\/","title":{"rendered":"Tarifn\u00ed pl\u00e1n"},"content":{"rendered":"<div class=\"wpb-content-wrapper\"><p>[vc_row full_width=&#8221;stretch_row_content&#8221; content_placement=&#8221;middle&#8221; el_class=&#8221;tariff-page&#8221;][vc_column][vc_row_inner][vc_column_inner][vc_custom_heading text=&#8221;Tarification&#8221; font_container=&#8221;tag:h1|text_align:left&#8221; use_theme_fonts=&#8221;yes&#8221;][vc_column_text][\/vc_column_text][\/vc_column_inner][\/vc_row_inner][vc_row_inner][vc_column_inner]<div class=\"tariff-block\">\n\t<div class=\"items\">\n\t\t\t\t\t\t<div class=\"item diamond\">\n\t\t\t\t\t<h3 class=\"status diamond\">\n\t\t\t\t\t\tDiamant\t\t\t\t\t<\/h3>\n\t\t\t\t\t\t\t\t\t\t\t<ul>\n\t\t\t\t\t\t\t\t\t\t\t\t\t\t\t<li>15+ fotografi\u00ed<\/li>\n\t\t\t\t\t\t\t\t\t\t\t\t\t\t\t<li>3+ videa<\/li>\n\t\t\t\t\t\t\t\t\t\t\t\t\t\t\t<li>Um\u00edst\u011bn\u00ed v Hot Girls a Diamond<\/li>\n\t\t\t\t\t\t\t\t\t\t\t\t\t\t\t<li>Diamond ozna\u010deno na fotografii a profilu<\/li>\n\t\t\t\t\t\t\t\t\t\t\t\t\t\t\t<li>Mo\u017enost smazat koment\u00e1\u0159e a recenze<\/li>\n\t\t\t\t\t\t\t\t\t\t\t\t\t\t\t<li>Automatick\u00e9 p\u0159ep\u00edn\u00e1n\u00ed online \/ offline p\u0159i vstupu na web<\/li>\n\t\t\t\t\t\t\t\t\t\t\t\t\t<\/ul>\n\t\t\t\t\t\t\t\t\t\t\t<p class=\"price\">1700K\u010d<\/p>\n\t\t\t\t\t\t\t\t\t\t\t<a\n\t\t\t\t\t\t\t\tclass=\"button gradient tariff\"\n\t\t\t\t\t\t\t\tdata-toggle=\"modal\"\n\t\t\t\t\t\t\t\tdata-target=\".login\"\n\t\t\t\t\t\t\t\thref=\"#\">\n\t\t\t\t\t\t\tJoin\t\t\t\t\t\t<\/a>\n\t\t\t\t\t\t\t\t\t\t<\/div>\n\t\t\t\t\t\t\t\t<div class=\"item vip\">\n\t\t\t\t\t<h3 class=\"status vip\">\n\t\t\t\t\t\tVIP\t\t\t\t\t<\/h3>\n\t\t\t\t\t\t\t\t\t\t\t<ul>\n\t\t\t\t\t\t\t\t\t\t\t\t\t\t\t<li>A\u017e 10 fotografi\u00ed<\/li>\n\t\t\t\t\t\t\t\t\t\t\t\t\t\t\t<li>1 video<\/li>\n\t\t\t\t\t\t\t\t\t\t\t\t\t\t\t<li>Um\u00edst\u011bn\u00ed v sekci VipEscort<\/li>\n\t\t\t\t\t\t\t\t\t\t\t\t\t\t\t<li>VIP ozna\u010den\u00ed na foto a profilu<\/li>\n\t\t\t\t\t\t\t\t\t\t\t\t\t\t\t<li>Ru\u010dn\u00ed p\u0159epnut\u00ed online\/offline p\u0159i vstupu na str\u00e1nku<\/li>\n\t\t\t\t\t\t\t\t\t\t\t\t\t<\/ul>\n\t\t\t\t\t\t\t\t\t\t\t<p class=\"price\">1300K\u010d<\/p>\n\t\t\t\t\t\t\t\t\t\t\t<a\n\t\t\t\t\t\t\t\tclass=\"button gradient tariff\"\n\t\t\t\t\t\t\t\tdata-toggle=\"modal\"\n\t\t\t\t\t\t\t\tdata-target=\".login\"\n\t\t\t\t\t\t\t\thref=\"#\">\n\t\t\t\t\t\t\tJoin\t\t\t\t\t\t<\/a>\n\t\t\t\t\t\t\t\t\t\t<\/div>\n\t\t\t\t\t\t\t\t<div class=\"item standard\">\n\t\t\t\t\t<h3 class=\"status standard\">\n\t\t\t\t\t\tStandart\t\t\t\t\t<\/h3>\n\t\t\t\t\t\t\t\t\t\t\t<ul>\n\t\t\t\t\t\t\t\t\t\t\t\t\t\t\t<li>A\u017e 5 fotografi\u00ed<\/li>\n\t\t\t\t\t\t\t\t\t\t\t\t\t\t\t<li>A\u017e 5 fotografi\u00ed<\/li>\n\t\t\t\t\t\t\t\t\t\t\t\t\t\t\t<li>A\u017e 5 fotografi\u00ed<\/li>\n\t\t\t\t\t\t\t\t\t\t\t\t\t\t\t<li>\u017d\u00e1dn\u00e9 ozna\u010den\u00ed<\/li>\n\t\t\t\t\t\t\t\t\t\t\t\t\t\t\t<li>\u017d\u00e1dn\u00e9 ozna\u010den\u00ed<\/li>\n\t\t\t\t\t\t\t\t\t\t\t\t\t<\/ul>\n\t\t\t\t\t\t\t\t\t\t\t<p class=\"price\">999K\u010d<\/p>\n\t\t\t\t\t\t\t\t\t\t\t<a\n\t\t\t\t\t\t\t\tclass=\"button gradient tariff\"\n\t\t\t\t\t\t\t\tdata-toggle=\"modal\"\n\t\t\t\t\t\t\t\tdata-target=\".login\"\n\t\t\t\t\t\t\t\thref=\"#\">\n\t\t\t\t\t\t\tJoin\t\t\t\t\t\t<\/a>\n\t\t\t\t\t\t\t\t\t\t<\/div>\n\t\t\t\t\t<\/div>\n<\/div>\n[\/vc_column_inner][\/vc_row_inner][vc_row_inner el_class=&#8221;seo-block&#8221;][vc_column_inner][vc_custom_heading text=&#8221;Zvy\u0161te svou profilovou viditelnost: Speci\u00e1ln\u00ed nab\u00eddka pro nov\u00e9 \u010dleny!&#8221; use_theme_fonts=&#8221;yes&#8221;][vc_column_text][\/vc_column_text][\/vc_column_inner][\/vc_row_inner][\/vc_column][\/vc_row][vc_row][vc_column][vc_column_text css=&#8221;&#8221;]Jste p\u0159ipraveni zv\u00fd\u0161it svou viditelnost a p\u0159il\u00e1kat v\u00edce klient\u016f v oblasti eskortn\u00edch slu\u017eeb? Hled\u00e1te to prav\u00e9 m\u00edsto! Na\u0161e platforma nab\u00edz\u00ed jedine\u010dnou p\u0159\u00edle\u017eitost, jak p\u0159edstavit sv\u016fj profil \u0161irok\u00e9 ve\u0159ejnosti potenci\u00e1ln\u00edch klient\u016f.<\/p>\n<p><strong>Exkluzivn\u00ed nab\u00eddka na omezenou dobu:<\/strong> Zvolte n\u00e1\u0161 pl\u00e1n s nejvy\u0161\u0161\u00edm profilem a u\u017eijte si prvn\u00ed m\u011bs\u00edce zcela ZDARMA! Ano, sly\u0161\u00edte spr\u00e1vn\u011b\u2014kdy\u017e investujete do sv\u00e9 kari\u00e9ry v\u00fdb\u011brem na\u0161eho pr\u00e9miov\u00e9ho bal\u00ed\u010dku, nebudete muset po dobu prvn\u00edch t\u0159\u00ed m\u011bs\u00edc\u016f nic platit.<\/p>\n<p>Pro\u010d se spokojit s pr\u016fm\u011brn\u00fdm, kdy\u017e m\u016f\u017eete vyniknout? S na\u0161\u00edm pr\u00e9miov\u00fdm pl\u00e1nem z\u00edsk\u00e1te:<\/p>\n<ul>\n<li><strong>Top um\u00edst\u011bn\u00ed:<\/strong> V\u00e1\u0161 profil bude v\u00fdrazn\u011b zobrazen, co\u017e v\u00e1m poskytne maxim\u00e1ln\u00ed expozici p\u0159ed klienty hledaj\u00edc\u00edmi kvalitn\u00ed spole\u010dnost.<\/li>\n<li><strong>Vysoce kvalitn\u00ed obr\u00e1zky:<\/strong> Prezentujte svou kr\u00e1su s mo\u017enost\u00ed nahr\u00e1t v\u00edce ohromuj\u00edc\u00edch fotografi\u00ed, kter\u00e9 zaujmou a oslov\u00ed potenci\u00e1ln\u00ed klienty.<\/li>\n<li><strong>Podrobn\u00e9 popisy:<\/strong> Vytvo\u0159te podrobn\u00fd a atraktivn\u00ed profil, kter\u00fd zd\u016frazn\u00ed va\u0161i jedine\u010dnou osobnost a slu\u017eby, co\u017e usnadn\u00ed klient\u016fm s v\u00e1mi spojen\u00ed.<\/li>\n<li><strong>Recenze klient\u016f:<\/strong> Vybudujte si reputaci s autentickou zp\u011btnou vazbou od spokojen\u00fdch klient\u016f, \u010d\u00edm\u017e zv\u00fd\u0161\u00edte svou d\u016fv\u011bryhodnost a p\u0159it\u00e1hnete je\u0161t\u011b v\u00edce rezervac\u00ed.<\/li>\n<\/ul>\n<p>Vyu\u017eijte t\u00e9to fantastick\u00e9 p\u0159\u00edle\u017eitosti investovat do sv\u00e9 budoucnosti! P\u0159ipojte se ke komunit\u011b \u00fasp\u011b\u0161n\u00fdch eskort\u016f, kte\u0159\u00ed ji\u017e poc\u00edtili v\u00fdhody na\u0161\u00ed platformy.<\/p>\n<p class=\"p1\">Provozovatel str\u00e1nky <a href=\"https:\/\/praguescort.cz\/cs\/\"><span class=\"s1\">Praguescort.cz<\/span><\/a> nezaru\u010duje aktu\u00e1lnost a pravdivost inzer\u00e1t\u016f zde zve\u0159ejn\u011bn\u00fdch. Ka\u017ed\u00fd inzer\u00e1t je plnou odpov\u011bdnost\u00ed jeho vlastn\u00edka. Tato str\u00e1nka slou\u017e\u00ed p\u0159edev\u0161\u00edm k prezentaci<span class=\"Apple-converted-space\">\u00a0 <\/span>reklamn\u00edch inzer\u00e1t\u016f a jako informa\u010dn\u00ed platforma, av\u0161ak nem\u00e1 \u017e\u00e1dnou spojitost ani odpov\u011bdnost za obsah ani jedn\u00e1n\u00ed str\u00e1nek \u010di jednotlivc\u016f uveden\u00fdch na n\u00ed. Poskytujeme prostor pro reklamu a nezab\u00fdv\u00e1me se \u017e\u00e1dn\u00fdm zp\u016fsobem eskortn\u00ed \u010di prostitu\u010dn\u00ed \u010dinnost\u00ed. Vyz\u00fdv\u00e1me n\u00e1v\u0161t\u011bvn\u00edky, aby n\u00e1m ohl\u00e1sili jak\u00fdkoli podez\u0159el\u00fd nebo neleg\u00e1ln\u00ed obsah. Nep\u0159eb\u00edr\u00e1me \u017e\u00e1dnou zodpov\u011bdnost a nezodpov\u00edd\u00e1me za obsah nebo \u010dinnost webov\u00fdch str\u00e1nek t\u0159et\u00edch stran \u010di jednotlivc\u016f, na kter\u00e9 m\u016f\u017eete p\u0159istupovat prost\u0159ednictv\u00edm odkaz\u016f, e-mail\u016f nebo telefonn\u00edch kontakt\u016f z\u00a0na\u0161\u00ed str\u00e1nky.<\/p>\n<p>[\/vc_column_text][\/vc_column][\/vc_row]<\/p>\n<\/div>","protected":false},"excerpt":{"rendered":"<p>[vc_row full_width=&#8221;stretch_row_content&#8221; content_placement=&#8221;middle&#8221; el_class=&#8221;tariff-page&#8221;][vc_column][vc_row_inner][vc_column_inner][vc_custom_heading text=&#8221;Tarification&#8221; font_container=&#8221;tag:h1|text_align:left&#8221; use_theme_fonts=&#8221;yes&#8221;][vc_column_text][\/vc_column_text][\/vc_column_inner][\/vc_row_inner][vc_row_inner][vc_column_inner][\/vc_column_inner][\/vc_row_inner][vc_row_inner el_class=&#8221;seo-block&#8221;][vc_column_inner][vc_custom_heading text=&#8221;Zvy\u0161te svou&#8230;<\/p>\n","protected":false},"author":1,"featured_media":0,"parent":0,"menu_order":0,"comment_status":"closed","ping_status":"closed","template":"back-btn-template.php","meta":{"footnotes":""},"class_list":["post-4217","page","type-page","status-publish","hentry"],"yoast_head":"<!-- This site is optimized with the Yoast SEO plugin v27.1.1 - https:\/\/yoast.com\/product\/yoast-seo-wordpress\/ -->\n<title>Tarifn\u00ed pl\u00e1n - Cen\u00edk eskortn\u00edch slu\u017eeb v Praze<\/title>\n<meta name=\"description\" content=\"Prozkoumejte n\u00e1\u0161 tarifn\u00ed pl\u00e1n: podrobn\u00e9 ceny, kategorie slu\u017eeb a pr\u00e9miov\u00e9 mo\u017enosti u PragueEscort. Transparentn\u00ed ceny pro kvalitu, diskr\u00e9tnost a eleganci.\" \/>\n<meta name=\"robots\" content=\"index, follow, max-snippet:-1, max-image-preview:large, max-video-preview:-1\" \/>\n<link rel=\"canonical\" href=\"https:\/\/praguescort.cz\/cs\/tarifni-plan\/\" \/>\n<meta property=\"og:locale\" content=\"cs_CZ\" \/>\n<meta property=\"og:type\" content=\"article\" \/>\n<meta property=\"og:title\" content=\"Tarifn\u00ed pl\u00e1n - Cen\u00edk eskortn\u00edch slu\u017eeb v Praze\" \/>\n<meta property=\"og:description\" content=\"Prozkoumejte n\u00e1\u0161 tarifn\u00ed pl\u00e1n: podrobn\u00e9 ceny, kategorie slu\u017eeb a pr\u00e9miov\u00e9 mo\u017enosti u PragueEscort. Transparentn\u00ed ceny pro kvalitu, diskr\u00e9tnost a eleganci.\" \/>\n<meta property=\"og:url\" content=\"https:\/\/praguescort.cz\/cs\/tarifni-plan\/\" \/>\n<meta property=\"og:site_name\" content=\"Prague escort\" \/>\n<meta property=\"article:modified_time\" content=\"2026-01-25T18:12:24+00:00\" \/>\n<meta name=\"twitter:card\" content=\"summary_large_image\" \/>\n<meta name=\"twitter:label1\" content=\"Odhadovan\u00e1 doba \u010dten\u00ed\" \/>\n\t<meta name=\"twitter:data1\" content=\"2 minuty\" \/>\n<!-- \/ Yoast SEO plugin. -->","yoast_head_json":{"title":"Tarifn\u00ed pl\u00e1n - Cen\u00edk eskortn\u00edch slu\u017eeb v Praze","description":"Prozkoumejte n\u00e1\u0161 tarifn\u00ed pl\u00e1n: podrobn\u00e9 ceny, kategorie slu\u017eeb a pr\u00e9miov\u00e9 mo\u017enosti u PragueEscort. Transparentn\u00ed ceny pro kvalitu, diskr\u00e9tnost a eleganci.","robots":{"index":"index","follow":"follow","max-snippet":"max-snippet:-1","max-image-preview":"max-image-preview:large","max-video-preview":"max-video-preview:-1"},"canonical":"https:\/\/praguescort.cz\/cs\/tarifni-plan\/","og_locale":"cs_CZ","og_type":"article","og_title":"Tarifn\u00ed pl\u00e1n - Cen\u00edk eskortn\u00edch slu\u017eeb v Praze","og_description":"Prozkoumejte n\u00e1\u0161 tarifn\u00ed pl\u00e1n: podrobn\u00e9 ceny, kategorie slu\u017eeb a pr\u00e9miov\u00e9 mo\u017enosti u PragueEscort. Transparentn\u00ed ceny pro kvalitu, diskr\u00e9tnost a eleganci.","og_url":"https:\/\/praguescort.cz\/cs\/tarifni-plan\/","og_site_name":"Prague escort","article_modified_time":"2026-01-25T18:12:24+00:00","twitter_card":"summary_large_image","twitter_misc":{"Odhadovan\u00e1 doba \u010dten\u00ed":"2 minuty"},"schema":{"@context":"https:\/\/schema.org","@graph":[{"@type":"WebPage","@id":"https:\/\/praguescort.cz\/cs\/tarifni-plan\/","url":"https:\/\/praguescort.cz\/cs\/tarifni-plan\/","name":"Tarifn\u00ed pl\u00e1n - Cen\u00edk eskortn\u00edch slu\u017eeb v Praze","isPartOf":{"@id":"https:\/\/praguescort.cz\/cs\/#website"},"datePublished":"2023-05-10T08:53:07+00:00","dateModified":"2026-01-25T18:12:24+00:00","description":"Prozkoumejte n\u00e1\u0161 tarifn\u00ed pl\u00e1n: podrobn\u00e9 ceny, kategorie slu\u017eeb a pr\u00e9miov\u00e9 mo\u017enosti u PragueEscort. Transparentn\u00ed ceny pro kvalitu, diskr\u00e9tnost a eleganci.","breadcrumb":{"@id":"https:\/\/praguescort.cz\/cs\/tarifni-plan\/#breadcrumb"},"inLanguage":"cs","potentialAction":[{"@type":"ReadAction","target":["https:\/\/praguescort.cz\/cs\/tarifni-plan\/"]}]},{"@type":"BreadcrumbList","@id":"https:\/\/praguescort.cz\/cs\/tarifni-plan\/#breadcrumb","itemListElement":[{"@type":"ListItem","position":1,"name":"Home","item":"https:\/\/praguescort.cz\/cs\/"},{"@type":"ListItem","position":2,"name":"Tarifn\u00ed pl\u00e1n"}]},{"@type":"WebSite","@id":"https:\/\/praguescort.cz\/cs\/#website","url":"https:\/\/praguescort.cz\/cs\/","name":"Prague escort","description":"Escort in Prague","publisher":{"@id":"https:\/\/praguescort.cz\/cs\/#organization"},"potentialAction":[{"@type":"SearchAction","target":{"@type":"EntryPoint","urlTemplate":"https:\/\/praguescort.cz\/cs\/?s={search_term_string}"},"query-input":{"@type":"PropertyValueSpecification","valueRequired":true,"valueName":"search_term_string"}}],"inLanguage":"cs"},{"@type":"Organization","@id":"https:\/\/praguescort.cz\/cs\/#organization","name":"Prague escort","url":"https:\/\/praguescort.cz\/cs\/","logo":{"@type":"ImageObject","inLanguage":"cs","@id":"https:\/\/praguescort.cz\/cs\/#\/schema\/logo\/image\/","url":"https:\/\/praguescort.cz\/wp-content\/uploads\/2023\/03\/logo.svg","contentUrl":"https:\/\/praguescort.cz\/wp-content\/uploads\/2023\/03\/logo.svg","caption":"Prague escort"},"image":{"@id":"https:\/\/praguescort.cz\/cs\/#\/schema\/logo\/image\/"}}]}},"_links":{"self":[{"href":"https:\/\/praguescort.cz\/cs\/wp-json\/wp\/v2\/pages\/4217","targetHints":{"allow":["GET"]}}],"collection":[{"href":"https:\/\/praguescort.cz\/cs\/wp-json\/wp\/v2\/pages"}],"about":[{"href":"https:\/\/praguescort.cz\/cs\/wp-json\/wp\/v2\/types\/page"}],"author":[{"embeddable":true,"href":"https:\/\/praguescort.cz\/cs\/wp-json\/wp\/v2\/users\/1"}],"replies":[{"embeddable":true,"href":"https:\/\/praguescort.cz\/cs\/wp-json\/wp\/v2\/comments?post=4217"}],"version-history":[{"count":10,"href":"https:\/\/praguescort.cz\/cs\/wp-json\/wp\/v2\/pages\/4217\/revisions"}],"predecessor-version":[{"id":27222,"href":"https:\/\/praguescort.cz\/cs\/wp-json\/wp\/v2\/pages\/4217\/revisions\/27222"}],"wp:attachment":[{"href":"https:\/\/praguescort.cz\/cs\/wp-json\/wp\/v2\/media?parent=4217"}],"curies":[{"name":"wp","href":"https:\/\/api.w.org\/{rel}","templated":true}]}}