{"id":4214,"date":"2024-08-18T09:06:19","date_gmt":"2024-08-18T09:06:19","guid":{"rendered":"https:\/\/praguescort.cz\/?page_id=4214"},"modified":"2024-08-18T09:06:19","modified_gmt":"2024-08-18T09:06:19","slug":"tarifni-plany","status":"publish","type":"page","link":"https:\/\/praguescort.cz\/cs\/tarifni-plany\/","title":{"rendered":"Tarifn\u00ed pl\u00e1ny"},"content":{"rendered":"<div class=\"wpb-content-wrapper\"><p>[vc_row full_width=&#8221;stretch_row_content&#8221; content_placement=&#8221;middle&#8221; el_class=&#8221;tariff-page&#8221;][vc_column][vc_row_inner][vc_column_inner][vc_custom_heading text=&#8221;Ceny&#8221; font_container=&#8221;tag:h1|text_align:left&#8221; use_theme_fonts=&#8221;yes&#8221;][vc_column_text][\/vc_column_text][\/vc_column_inner][\/vc_row_inner][vc_row_inner][vc_column_inner]<div class=\"tariff-block\">\n\t<div class=\"items\">\n\t\t\t\t\t\t<div class=\"item vip\">\n\t\t\t\t\t<h3 class=\"status vip\">\n\t\t\t\t\t\tVIP\t\t\t\t\t<\/h3>\n\t\t\t\t\t\t\t\t\t\t\t<ul>\n\t\t\t\t\t\t\t\t\t\t\t\t\t\t\t<li>A\u017e 10 fotografi\u00ed<\/li>\n\t\t\t\t\t\t\t\t\t\t\t\t\t\t\t<li>1 video<\/li>\n\t\t\t\t\t\t\t\t\t\t\t\t\t\t\t<li>Um\u00edst\u011bn\u00ed v sekci VipEscort<\/li>\n\t\t\t\t\t\t\t\t\t\t\t\t\t\t\t<li>VIP ozna\u010den\u00ed na foto a profilu<\/li>\n\t\t\t\t\t\t\t\t\t\t\t\t\t\t\t<li>Ru\u010dn\u00ed p\u0159epnut\u00ed online\/offline p\u0159i vstupu na str\u00e1nku<\/li>\n\t\t\t\t\t\t\t\t\t\t\t\t\t<\/ul>\n\t\t\t\t\t\t\t\t\t\t\t<p class=\"price\">1300K\u010d<\/p>\n\t\t\t\t\t\t\t\t\t\t\t<a\n\t\t\t\t\t\t\t\tclass=\"button gradient tariff\"\n\t\t\t\t\t\t\t\tdata-toggle=\"modal\"\n\t\t\t\t\t\t\t\tdata-target=\".login\"\n\t\t\t\t\t\t\t\thref=\"#\">\n\t\t\t\t\t\t\tJoin\t\t\t\t\t\t<\/a>\n\t\t\t\t\t\t\t\t\t\t<\/div>\n\t\t\t\t\t\t\t\t<div class=\"item standard\">\n\t\t\t\t\t<h3 class=\"status standard\">\n\t\t\t\t\t\tStandart\t\t\t\t\t<\/h3>\n\t\t\t\t\t\t\t\t\t\t\t<ul>\n\t\t\t\t\t\t\t\t\t\t\t\t\t\t\t<li>A\u017e 5 fotografi\u00ed<\/li>\n\t\t\t\t\t\t\t\t\t\t\t\t\t\t\t<li>A\u017e 5 fotografi\u00ed<\/li>\n\t\t\t\t\t\t\t\t\t\t\t\t\t\t\t<li>A\u017e 5 fotografi\u00ed<\/li>\n\t\t\t\t\t\t\t\t\t\t\t\t\t\t\t<li>\u017d\u00e1dn\u00e9 ozna\u010den\u00ed<\/li>\n\t\t\t\t\t\t\t\t\t\t\t\t\t\t\t<li>\u017d\u00e1dn\u00e9 ozna\u010den\u00ed<\/li>\n\t\t\t\t\t\t\t\t\t\t\t\t\t<\/ul>\n\t\t\t\t\t\t\t\t\t\t\t<p class=\"price\">999K\u010d<\/p>\n\t\t\t\t\t\t\t\t\t\t\t<a\n\t\t\t\t\t\t\t\tclass=\"button gradient tariff\"\n\t\t\t\t\t\t\t\tdata-toggle=\"modal\"\n\t\t\t\t\t\t\t\tdata-target=\".login\"\n\t\t\t\t\t\t\t\thref=\"#\">\n\t\t\t\t\t\t\tJoin\t\t\t\t\t\t<\/a>\n\t\t\t\t\t\t\t\t\t\t<\/div>\n\t\t\t\t\t\t\t\t<div class=\"item diamond\">\n\t\t\t\t\t<h3 class=\"status diamond\">\n\t\t\t\t\t\tDiamant\t\t\t\t\t<\/h3>\n\t\t\t\t\t\t\t\t\t\t\t<ul>\n\t\t\t\t\t\t\t\t\t\t\t\t\t\t\t<li>15+ fotografi\u00ed<\/li>\n\t\t\t\t\t\t\t\t\t\t\t\t\t\t\t<li>3+ videa<\/li>\n\t\t\t\t\t\t\t\t\t\t\t\t\t\t\t<li>Um\u00edst\u011bn\u00ed v Hot Girls a Diamond<\/li>\n\t\t\t\t\t\t\t\t\t\t\t\t\t\t\t<li>Diamond ozna\u010deno na fotografii a profilu<\/li>\n\t\t\t\t\t\t\t\t\t\t\t\t\t\t\t<li>Mo\u017enost smazat koment\u00e1\u0159e a recenze<\/li>\n\t\t\t\t\t\t\t\t\t\t\t\t\t\t\t<li>Automatick\u00e9 p\u0159ep\u00edn\u00e1n\u00ed online \/ offline p\u0159i vstupu na web<\/li>\n\t\t\t\t\t\t\t\t\t\t\t\t\t<\/ul>\n\t\t\t\t\t\t\t\t\t\t\t<p class=\"price\">1700K\u010d<\/p>\n\t\t\t\t\t\t\t\t\t\t\t<a\n\t\t\t\t\t\t\t\tclass=\"button gradient tariff\"\n\t\t\t\t\t\t\t\tdata-toggle=\"modal\"\n\t\t\t\t\t\t\t\tdata-target=\".login\"\n\t\t\t\t\t\t\t\thref=\"#\">\n\t\t\t\t\t\t\tJoin\t\t\t\t\t\t<\/a>\n\t\t\t\t\t\t\t\t\t\t<\/div>\n\t\t\t\t\t<\/div>\n<\/div>\n[\/vc_column_inner][\/vc_row_inner][vc_row_inner el_class=&#8221;seo-block&#8221;][vc_column_inner][vc_custom_heading text=&#8221;&#8221; font_container=&#8221;tag:h3|text_align:left&#8221; use_theme_fonts=&#8221;yes&#8221;][vc_column_text][\/vc_column_text][\/vc_column_inner][\/vc_row_inner][\/vc_column][\/vc_row]<\/p>\n<\/div>","protected":false},"excerpt":{"rendered":"<p>[vc_row full_width=&#8221;stretch_row_content&#8221; content_placement=&#8221;middle&#8221; el_class=&#8221;tariff-page&#8221;][vc_column][vc_row_inner][vc_column_inner][vc_custom_heading text=&#8221;Ceny&#8221; font_container=&#8221;tag:h1|text_align:left&#8221; use_theme_fonts=&#8221;yes&#8221;][vc_column_text][\/vc_column_text][\/vc_column_inner][\/vc_row_inner][vc_row_inner][vc_column_inner][\/vc_column_inner][\/vc_row_inner][vc_row_inner el_class=&#8221;seo-block&#8221;][vc_column_inner][vc_custom_heading text=&#8221;&#8221; font_container=&#8221;tag:h3|text_align:left&#8221;&#8230;<\/p>\n","protected":false},"author":1,"featured_media":0,"parent":0,"menu_order":0,"comment_status":"closed","ping_status":"closed","template":"","meta":{"footnotes":""},"class_list":["post-4214","page","type-page","status-publish","hentry"],"yoast_head":"<!-- This site is optimized with the Yoast SEO plugin v27.4 - https:\/\/yoast.com\/product\/yoast-seo-wordpress\/ -->\n<title>Tarifn\u00ed pl\u00e1ny - Prague escort<\/title>\n<meta name=\"robots\" content=\"index, follow, max-snippet:-1, max-image-preview:large, max-video-preview:-1\" \/>\n<link rel=\"canonical\" href=\"https:\/\/praguescort.cz\/cs\/tarifni-plany\/\" \/>\n<meta property=\"og:locale\" content=\"cs_CZ\" \/>\n<meta property=\"og:type\" content=\"article\" \/>\n<meta property=\"og:title\" content=\"Tarifn\u00ed pl\u00e1ny - Prague escort\" \/>\n<meta property=\"og:description\" content=\"[vc_row full_width=&#8221;stretch_row_content&#8221; content_placement=&#8221;middle&#8221; el_class=&#8221;tariff-page&#8221;][vc_column][vc_row_inner][vc_column_inner][vc_custom_heading text=&#8221;Ceny&#8221; font_container=&#8221;tag:h1|text_align:left&#8221; use_theme_fonts=&#8221;yes&#8221;][vc_column_text][\/vc_column_text][\/vc_column_inner][\/vc_row_inner][vc_row_inner][vc_column_inner][\/vc_column_inner][\/vc_row_inner][vc_row_inner el_class=&#8221;seo-block&#8221;][vc_column_inner][vc_custom_heading text=&#8221;&#8221; font_container=&#8221;tag:h3|text_align:left&#8221;...\" \/>\n<meta property=\"og:url\" content=\"https:\/\/praguescort.cz\/cs\/tarifni-plany\/\" \/>\n<meta property=\"og:site_name\" content=\"Prague escort\" \/>\n<meta name=\"twitter:card\" content=\"summary_large_image\" \/>\n<meta name=\"twitter:label1\" content=\"Odhadovan\u00e1 doba \u010dten\u00ed\" \/>\n\t<meta name=\"twitter:data1\" content=\"1 minuta\" \/>\n<!-- \/ Yoast SEO plugin. -->","yoast_head_json":{"title":"Tarifn\u00ed pl\u00e1ny - Prague escort","robots":{"index":"index","follow":"follow","max-snippet":"max-snippet:-1","max-image-preview":"max-image-preview:large","max-video-preview":"max-video-preview:-1"},"canonical":"https:\/\/praguescort.cz\/cs\/tarifni-plany\/","og_locale":"cs_CZ","og_type":"article","og_title":"Tarifn\u00ed pl\u00e1ny - Prague escort","og_description":"[vc_row full_width=&#8221;stretch_row_content&#8221; content_placement=&#8221;middle&#8221; el_class=&#8221;tariff-page&#8221;][vc_column][vc_row_inner][vc_column_inner][vc_custom_heading text=&#8221;Ceny&#8221; font_container=&#8221;tag:h1|text_align:left&#8221; use_theme_fonts=&#8221;yes&#8221;][vc_column_text][\/vc_column_text][\/vc_column_inner][\/vc_row_inner][vc_row_inner][vc_column_inner][\/vc_column_inner][\/vc_row_inner][vc_row_inner el_class=&#8221;seo-block&#8221;][vc_column_inner][vc_custom_heading text=&#8221;&#8221; font_container=&#8221;tag:h3|text_align:left&#8221;...","og_url":"https:\/\/praguescort.cz\/cs\/tarifni-plany\/","og_site_name":"Prague escort","twitter_card":"summary_large_image","twitter_misc":{"Odhadovan\u00e1 doba \u010dten\u00ed":"1 minuta"},"schema":{"@context":"https:\/\/schema.org","@graph":[{"@type":"WebPage","@id":"https:\/\/praguescort.cz\/cs\/tarifni-plany\/","url":"https:\/\/praguescort.cz\/cs\/tarifni-plany\/","name":"Tarifn\u00ed pl\u00e1ny - Prague escort","isPartOf":{"@id":"https:\/\/praguescort.cz\/cs\/#website"},"datePublished":"2024-08-18T09:06:19+00:00","breadcrumb":{"@id":"https:\/\/praguescort.cz\/cs\/tarifni-plany\/#breadcrumb"},"inLanguage":"cs","potentialAction":[{"@type":"ReadAction","target":["https:\/\/praguescort.cz\/cs\/tarifni-plany\/"]}]},{"@type":"BreadcrumbList","@id":"https:\/\/praguescort.cz\/cs\/tarifni-plany\/#breadcrumb","itemListElement":[{"@type":"ListItem","position":1,"name":"Home","item":"https:\/\/praguescort.cz\/cs\/"},{"@type":"ListItem","position":2,"name":"Tarifn\u00ed pl\u00e1ny"}]},{"@type":"WebSite","@id":"https:\/\/praguescort.cz\/cs\/#website","url":"https:\/\/praguescort.cz\/cs\/","name":"Prague escort","description":"Escort in Prague","publisher":{"@id":"https:\/\/praguescort.cz\/cs\/#organization"},"potentialAction":[{"@type":"SearchAction","target":{"@type":"EntryPoint","urlTemplate":"https:\/\/praguescort.cz\/cs\/?s={search_term_string}"},"query-input":{"@type":"PropertyValueSpecification","valueRequired":true,"valueName":"search_term_string"}}],"inLanguage":"cs"},{"@type":"Organization","@id":"https:\/\/praguescort.cz\/cs\/#organization","name":"Prague escort","url":"https:\/\/praguescort.cz\/cs\/","logo":{"@type":"ImageObject","inLanguage":"cs","@id":"https:\/\/praguescort.cz\/cs\/#\/schema\/logo\/image\/","url":"https:\/\/praguescort.cz\/wp-content\/uploads\/2023\/03\/logo.svg","contentUrl":"https:\/\/praguescort.cz\/wp-content\/uploads\/2023\/03\/logo.svg","caption":"Prague escort"},"image":{"@id":"https:\/\/praguescort.cz\/cs\/#\/schema\/logo\/image\/"}}]}},"_links":{"self":[{"href":"https:\/\/praguescort.cz\/cs\/wp-json\/wp\/v2\/pages\/4214","targetHints":{"allow":["GET"]}}],"collection":[{"href":"https:\/\/praguescort.cz\/cs\/wp-json\/wp\/v2\/pages"}],"about":[{"href":"https:\/\/praguescort.cz\/cs\/wp-json\/wp\/v2\/types\/page"}],"author":[{"embeddable":true,"href":"https:\/\/praguescort.cz\/cs\/wp-json\/wp\/v2\/users\/1"}],"replies":[{"embeddable":true,"href":"https:\/\/praguescort.cz\/cs\/wp-json\/wp\/v2\/comments?post=4214"}],"version-history":[{"count":1,"href":"https:\/\/praguescort.cz\/cs\/wp-json\/wp\/v2\/pages\/4214\/revisions"}],"predecessor-version":[{"id":4215,"href":"https:\/\/praguescort.cz\/cs\/wp-json\/wp\/v2\/pages\/4214\/revisions\/4215"}],"wp:attachment":[{"href":"https:\/\/praguescort.cz\/cs\/wp-json\/wp\/v2\/media?parent=4214"}],"curies":[{"name":"wp","href":"https:\/\/api.w.org\/{rel}","templated":true}]}}