{"id":4209,"date":"2023-05-09T12:43:06","date_gmt":"2023-05-09T12:43:06","guid":{"rendered":"https:\/\/praguescort.cz\/partneri\/"},"modified":"2025-01-18T12:49:49","modified_gmt":"2025-01-18T12:49:49","slug":"partneri","status":"publish","type":"page","link":"https:\/\/praguescort.cz\/cs\/partneri\/","title":{"rendered":"Partne\u0159i"},"content":{"rendered":"<div class=\"wpb-content-wrapper\"><p>[vc_row content_placement=&#8221;middle&#8221;][vc_column][vc_row_inner][vc_column_inner]<div class=\"partners\">\n\t<h1>Partne\u0159i<\/h1>\n\t\t\t<div class=\"items\">\n\t\t\t\t\t\t\t<div class=\"item\">\n\t\t\t\t\t<a\n\t\t\t\t\t\thref=\"http:\/\/www.escortscollection.com\/\"\n\t\t\t\t\t\ttarget=\"_blank\"\n\t\t\t\t\t\trel=\"nofollow\"\n\t\t\t\t\t\ttitle=\"Escorts Collection - World Wide Escort Directory\">\n\t\t\t\t\t\t<img loading=\"lazy\" decoding=\"async\" width=\"100\" height=\"100\" src=\"https:\/\/praguescort.cz\/wp-content\/uploads\/2024\/01\/ec-100x100-1.gif\" class=\"attachment-full size-full\" alt=\"\" \/>\t\t\t\t\t<\/a>\n\t\t\t\t<\/div>\n\t\t\t\t\t\t\t<div class=\"item\">\n\t\t\t\t\t<a\n\t\t\t\t\t\thref=\"https:\/\/sextjejer.net\"\n\t\t\t\t\t\ttarget=\"_blank\"\n\t\t\t\t\t\trel=\"nofollow\"\n\t\t\t\t\t\ttitle=\"Sextjejer Escorts\">\n\t\t\t\t\t\t<img loading=\"lazy\" decoding=\"async\" width=\"250\" height=\"250\" src=\"https:\/\/praguescort.cz\/wp-content\/uploads\/2024\/01\/250x250.jpg\" class=\"attachment-full size-full\" alt=\"\" \/>\t\t\t\t\t<\/a>\n\t\t\t\t<\/div>\n\t\t\t\t\t\t\t<div class=\"item\">\n\t\t\t\t\t<a\n\t\t\t\t\t\thref=\"https:\/\/www.escort-links.com\/escort-services-in-czech-republic\"\n\t\t\t\t\t\ttarget=\"_blank\"\n\t\t\t\t\t\trel=\"nofollow\"\n\t\t\t\t\t\ttitle=\"\">\n\t\t\t\t\t\t<img loading=\"lazy\" decoding=\"async\" width=\"100\" height=\"100\" src=\"https:\/\/praguescort.cz\/wp-content\/uploads\/2024\/02\/escortlinks-2.jpg\" class=\"attachment-full size-full\" alt=\"Escort services in Czech Republic\" \/>\t\t\t\t\t<\/a>\n\t\t\t\t<\/div>\n\t\t\t\t\t\t\t<div class=\"item\">\n\t\t\t\t\t<a\n\t\t\t\t\t\thref=\"https:\/\/escortnews.eu\"\n\t\t\t\t\t\ttarget=\"_blank\"\n\t\t\t\t\t\trel=\"nofollow\"\n\t\t\t\t\t\ttitle=\"\">\n\t\t\t\t\t\t<img loading=\"lazy\" decoding=\"async\" width=\"125\" height=\"125\" src=\"https:\/\/praguescort.cz\/wp-content\/uploads\/2024\/02\/Escort-Girls.webp\" class=\"attachment-full size-full\" alt=\"Escort Girls\" \/>\t\t\t\t\t<\/a>\n\t\t\t\t<\/div>\n\t\t\t\t\t\t\t<div class=\"item\">\n\t\t\t\t\t<a\n\t\t\t\t\t\thref=\"https:\/\/escortsuk.co.uk\"\n\t\t\t\t\t\ttarget=\"_blank\"\n\t\t\t\t\t\trel=\"nofollow\"\n\t\t\t\t\t\ttitle=\"London Escorts\">\n\t\t\t\t\t\t<img loading=\"lazy\" decoding=\"async\" width=\"496\" height=\"494\" src=\"https:\/\/praguescort.cz\/wp-content\/uploads\/2024\/02\/London-Escorts.png\" class=\"attachment-full size-full\" alt=\"\" \/>\t\t\t\t\t<\/a>\n\t\t\t\t<\/div>\n\t\t\t\t\t\t\t<div class=\"item\">\n\t\t\t\t\t<a\n\t\t\t\t\t\thref=\"https:\/\/escortdirectory.tv\"\n\t\t\t\t\t\ttarget=\"_blank\"\n\t\t\t\t\t\trel=\"nofollow\"\n\t\t\t\t\t\ttitle=\"EscortDirectory.TV - Escorts World Wide\">\n\t\t\t\t\t\t<img loading=\"lazy\" decoding=\"async\" width=\"120\" height=\"60\" src=\"https:\/\/praguescort.cz\/wp-content\/uploads\/2024\/02\/EscortDirectory.TV_.gif\" class=\"attachment-full size-full\" alt=\"EscortDirectory.TV\" \/>\t\t\t\t\t<\/a>\n\t\t\t\t<\/div>\n\t\t\t\t\t\t\t<div class=\"item\">\n\t\t\t\t\t<a\n\t\t\t\t\t\thref=\"https:\/\/www.escort-galleries.com\/\"\n\t\t\t\t\t\ttarget=\"_blank\"\n\t\t\t\t\t\trel=\"nofollow\"\n\t\t\t\t\t\ttitle=\"Escort Galleries\">\n\t\t\t\t\t\t<img loading=\"lazy\" decoding=\"async\" width=\"140\" height=\"140\" src=\"https:\/\/praguescort.cz\/wp-content\/uploads\/2024\/02\/Escort-Galleries.jpg\" class=\"attachment-full size-full\" alt=\"\" \/>\t\t\t\t\t<\/a>\n\t\t\t\t<\/div>\n\t\t\t\t\t\t\t<div class=\"item\">\n\t\t\t\t\t<a\n\t\t\t\t\t\thref=\"https:\/\/escortdex.com\/\"\n\t\t\t\t\t\ttarget=\"_blank\"\n\t\t\t\t\t\trel=\"nofollow\"\n\t\t\t\t\t\ttitle=\"Escortdex\">\n\t\t\t\t\t\t<img loading=\"lazy\" decoding=\"async\" width=\"234\" height=\"60\" src=\"https:\/\/praguescort.cz\/wp-content\/uploads\/2024\/03\/escort-dex-sm.png\" class=\"attachment-full size-full\" alt=\"escortdex\" \/>\t\t\t\t\t<\/a>\n\t\t\t\t<\/div>\n\t\t\t\t\t\t\t<div class=\"item\">\n\t\t\t\t\t<a\n\t\t\t\t\t\thref=\"\"\n\t\t\t\t\t\ttarget=\"_blank\"\n\t\t\t\t\t\trel=\"nofollow\"\n\t\t\t\t\t\ttitle=\"\">\n\t\t\t\t\t\t\t\t\t\t\t<\/a>\n\t\t\t\t<\/div>\n\t\t\t\t\t\t\t<div class=\"item\">\n\t\t\t\t\t<a\n\t\t\t\t\t\thref=\"https:\/\/www.pecattus.com.br\"\n\t\t\t\t\t\ttarget=\"_blank\"\n\t\t\t\t\t\trel=\"nofollow\"\n\t\t\t\t\t\ttitle=\"\">\n\t\t\t\t\t\t<img loading=\"lazy\" decoding=\"async\" width=\"468\" height=\"60\" src=\"https:\/\/praguescort.cz\/wp-content\/uploads\/2024\/03\/banner-pecattus.jpg\" class=\"attachment-full size-full\" alt=\"\" \/>\t\t\t\t\t<\/a>\n\t\t\t\t<\/div>\n\t\t\t\t\t\t\t<div class=\"item\">\n\t\t\t\t\t<a\n\t\t\t\t\t\thref=\"https:\/\/escortfox.com\/\"\n\t\t\t\t\t\ttarget=\"_blank\"\n\t\t\t\t\t\trel=\"nofollow\"\n\t\t\t\t\t\ttitle=\"Escortfox\">\n\t\t\t\t\t\t<img loading=\"lazy\" decoding=\"async\" width=\"468\" height=\"60\" src=\"https:\/\/praguescort.cz\/wp-content\/uploads\/2024\/03\/01.jpg\" class=\"attachment-full size-full\" alt=\"EscortFox - escort directory\" \/>\t\t\t\t\t<\/a>\n\t\t\t\t<\/div>\n\t\t\t\t\t\t\t<div class=\"item\">\n\t\t\t\t\t<a\n\t\t\t\t\t\thref=\"https:\/\/www.punterlink.co.uk\/main\/prague-escorts\"\n\t\t\t\t\t\ttarget=\"_blank\"\n\t\t\t\t\t\trel=\"nofollow\"\n\t\t\t\t\t\ttitle=\"\">\n\t\t\t\t\t\t<img loading=\"lazy\" decoding=\"async\" width=\"150\" height=\"150\" src=\"https:\/\/praguescort.cz\/wp-content\/uploads\/2024\/04\/Punterlink-Prague-Escorts.png\" class=\"attachment-full size-full\" alt=\"Punterlink Prague Escorts\" \/>\t\t\t\t\t<\/a>\n\t\t\t\t<\/div>\n\t\t\t\t\t\t\t<div class=\"item\">\n\t\t\t\t\t<a\n\t\t\t\t\t\thref=\"https:\/\/vladimirescorts.com\"\n\t\t\t\t\t\ttarget=\"_blank\"\n\t\t\t\t\t\trel=\"nofollow\"\n\t\t\t\t\t\ttitle=\"Vladimir Escort Directory\">\n\t\t\t\t\t\t<img loading=\"lazy\" decoding=\"async\" width=\"468\" height=\"60\" src=\"https:\/\/praguescort.cz\/wp-content\/uploads\/2024\/04\/vladimir468.jpg\" class=\"attachment-full size-full\" alt=\"Vladimir Escort Directory\" \/>\t\t\t\t\t<\/a>\n\t\t\t\t<\/div>\n\t\t\t\t\t\t\t<div class=\"item\">\n\t\t\t\t\t<a\n\t\t\t\t\t\thref=\"https:\/\/latinasinbahamas.com\"\n\t\t\t\t\t\ttarget=\"_blank\"\n\t\t\t\t\t\trel=\"nofollow\"\n\t\t\t\t\t\ttitle=\"Latinas Escort Directory\">\n\t\t\t\t\t\t<img loading=\"lazy\" decoding=\"async\" width=\"468\" height=\"60\" src=\"https:\/\/praguescort.cz\/wp-content\/uploads\/2024\/04\/latinas468.jpg\" class=\"attachment-full size-full\" alt=\"Latinas Escort Directory\" \/>\t\t\t\t\t<\/a>\n\t\t\t\t<\/div>\n\t\t\t\t\t\t\t<div class=\"item\">\n\t\t\t\t\t<a\n\t\t\t\t\t\thref=\"https:\/\/bahamasescorts.com\/post\/common-mistakes-bahamian-men-make-when-hiring-prostitutes\/\"\n\t\t\t\t\t\ttarget=\"_blank\"\n\t\t\t\t\t\trel=\"nofollow\"\n\t\t\t\t\t\ttitle=\"Latinas In Bahamas\">\n\t\t\t\t\t\t<img loading=\"lazy\" decoding=\"async\" width=\"468\" height=\"60\" src=\"https:\/\/praguescort.cz\/wp-content\/uploads\/2024\/04\/bahamas468.jpeg\" class=\"attachment-full size-full\" alt=\"Latinas In Bahamas\" \/>\t\t\t\t\t<\/a>\n\t\t\t\t<\/div>\n\t\t\t\t\t\t\t<div class=\"item\">\n\t\t\t\t\t<a\n\t\t\t\t\t\thref=\"https:\/\/www.verband-erotikbetriebe.ch\/kontakt.html\"\n\t\t\t\t\t\ttarget=\"_blank\"\n\t\t\t\t\t\trel=\"nofollow\"\n\t\t\t\t\t\ttitle=\"\">\n\t\t\t\t\t\t<img loading=\"lazy\" decoding=\"async\" width=\"100\" height=\"100\" src=\"https:\/\/praguescort.cz\/wp-content\/uploads\/2024\/04\/Gutesiegel.png\" class=\"attachment-full size-full\" alt=\"\" \/>\t\t\t\t\t<\/a>\n\t\t\t\t<\/div>\n\t\t\t\t\t\t\t<div class=\"item\">\n\t\t\t\t\t<a\n\t\t\t\t\t\thref=\"https:\/\/luxemiamiescorts.com\"\n\t\t\t\t\t\ttarget=\"_blank\"\n\t\t\t\t\t\trel=\"nofollow\"\n\t\t\t\t\t\ttitle=\"LUXE Miami Escorts\">\n\t\t\t\t\t\t<img loading=\"lazy\" decoding=\"async\" width=\"468\" height=\"60\" src=\"https:\/\/praguescort.cz\/wp-content\/uploads\/2024\/05\/LUXE-Miami-Escorts.jpeg\" class=\"attachment-full size-full\" alt=\"LUXE Miami Escorts\" \/>\t\t\t\t\t<\/a>\n\t\t\t\t<\/div>\n\t\t\t\t\t\t\t<div class=\"item\">\n\t\t\t\t\t<a\n\t\t\t\t\t\thref=\"https:\/\/www.escortbabes.co.uk\"\n\t\t\t\t\t\ttarget=\"_blank\"\n\t\t\t\t\t\trel=\"nofollow\"\n\t\t\t\t\t\ttitle=\"London Escorts\">\n\t\t\t\t\t\t<img loading=\"lazy\" decoding=\"async\" width=\"250\" height=\"250\" src=\"https:\/\/praguescort.cz\/wp-content\/uploads\/2024\/05\/London-Escorts.jpeg\" class=\"attachment-full size-full\" alt=\"London Escorts\" \/>\t\t\t\t\t<\/a>\n\t\t\t\t<\/div>\n\t\t\t\t\t\t\t<div class=\"item\">\n\t\t\t\t\t<a\n\t\t\t\t\t\thref=\"https:\/\/www.londongirlmassage.com\/\"\n\t\t\t\t\t\ttarget=\"_blank\"\n\t\t\t\t\t\trel=\"nofollow\"\n\t\t\t\t\t\ttitle=\"Yuki London Japanese Massage\">\n\t\t\t\t\t\t<img loading=\"lazy\" decoding=\"async\" width=\"468\" height=\"60\" src=\"https:\/\/praguescort.cz\/wp-content\/uploads\/2024\/05\/Yuki-London-Japanese-Massage.gif\" class=\"attachment-full size-full\" alt=\"Yuki London Japanese Massage\" \/>\t\t\t\t\t<\/a>\n\t\t\t\t<\/div>\n\t\t\t\t\t\t\t<div class=\"item\">\n\t\t\t\t\t<a\n\t\t\t\t\t\thref=\"https:\/\/escortlivegirls.com\"\n\t\t\t\t\t\ttarget=\"_blank\"\n\t\t\t\t\t\trel=\"nofollow\"\n\t\t\t\t\t\ttitle=\"Escort Live Girls\">\n\t\t\t\t\t\t<img loading=\"lazy\" decoding=\"async\" width=\"250\" height=\"250\" src=\"https:\/\/praguescort.cz\/wp-content\/uploads\/2024\/05\/Escort-Live-Girls.png\" class=\"attachment-full size-full\" alt=\"Escort Live Girls\" \/>\t\t\t\t\t<\/a>\n\t\t\t\t<\/div>\n\t\t\t\t\t\t\t<div class=\"item\">\n\t\t\t\t\t<a\n\t\t\t\t\t\thref=\"http:\/\/www.erotic-guide.com\/\"\n\t\t\t\t\t\ttarget=\"_blank\"\n\t\t\t\t\t\trel=\"nofollow\"\n\t\t\t\t\t\ttitle=\"Erotic Guide Worldwide Escort Directory\">\n\t\t\t\t\t\t<img loading=\"lazy\" decoding=\"async\" width=\"130\" height=\"80\" src=\"https:\/\/praguescort.cz\/wp-content\/uploads\/2024\/06\/Erotic-Guide-Worldwide-Escort-Directory.gif\" class=\"attachment-full size-full\" alt=\"Erotic Guide Worldwide Escort Directory\" \/>\t\t\t\t\t<\/a>\n\t\t\t\t<\/div>\n\t\t\t\t\t\t\t<div class=\"item\">\n\t\t\t\t\t<a\n\t\t\t\t\t\thref=\"https:\/\/escort-list.com\/\"\n\t\t\t\t\t\ttarget=\"_blank\"\n\t\t\t\t\t\trel=\"nofollow\"\n\t\t\t\t\t\ttitle=\"Escort-List.com World Wide Escort Directory\">\n\t\t\t\t\t\t<img loading=\"lazy\" decoding=\"async\" width=\"200\" height=\"100\" src=\"https:\/\/praguescort.cz\/wp-content\/uploads\/2024\/06\/Escort-List.com-World-Wide-Escort-Directory.gif\" class=\"attachment-full size-full\" alt=\"Escort-List.com World Wide Escort Directory\" \/>\t\t\t\t\t<\/a>\n\t\t\t\t<\/div>\n\t\t\t\t\t<\/div>\n\t<\/div>\n[\/vc_column_inner][\/vc_row_inner][vc_row_inner el_class=&#8221;partners-form&#8221;][vc_column_inner][vc_custom_heading text=&#8221;Sta\u0148te se partnerem&#8221; use_theme_fonts=&#8221;yes&#8221;][vc_column_text]A\u0165 u\u017e jste v oboru nov\u00e1\u010dkem nebo m\u00e1te p\u0159edchoz\u00ed zku\u0161enosti, v\u00edt\u00e1me jednotlivce, kte\u0159\u00ed hovo\u0159\u00ed plynn\u011b anglicky nebo jin\u00fdmi jazyky, maj\u00ed platn\u00e9 pracovn\u00ed povolen\u00ed v \u010cesk\u00e9 republice a vyhovuje jim poskytov\u00e1n\u00ed doprovodn\u00fdch a z\u00e1bavn\u00edch slu\u017eeb. Ud\u011blejte prvn\u00ed krok k odm\u011b\u0148uj\u00edc\u00ed kari\u00e9\u0159e a p\u0159ihlaste se nyn\u00ed, abyste se stali partnerskou eskortou v Praze![\/vc_column_text]\n<div class=\"wpcf7 no-js\" id=\"wpcf7-f531-o1\" lang=\"en-US\" dir=\"ltr\" data-wpcf7-id=\"531\">\n<div class=\"screen-reader-response\"><p role=\"status\" aria-live=\"polite\" aria-atomic=\"true\"><\/p> <ul><\/ul><\/div>\n<form action=\"\/cs\/wp-json\/wp\/v2\/pages\/4209#wpcf7-f531-o1\" method=\"post\" class=\"wpcf7-form init\" aria-label=\"Contact form\" novalidate=\"novalidate\" data-status=\"init\">\n<fieldset class=\"hidden-fields-container\"><input type=\"hidden\" name=\"_wpcf7\" value=\"531\" \/><input type=\"hidden\" name=\"_wpcf7_version\" value=\"6.1.5\" \/><input type=\"hidden\" name=\"_wpcf7_locale\" value=\"en_US\" \/><input type=\"hidden\" name=\"_wpcf7_unit_tag\" value=\"wpcf7-f531-o1\" \/><input type=\"hidden\" name=\"_wpcf7_container_post\" value=\"0\" \/><input type=\"hidden\" name=\"_wpcf7_posted_data_hash\" value=\"\" \/>\n<\/fieldset>\n<div class=\"input\">\n\t<p><span class=\"wpcf7-form-control-wrap\" data-name=\"email\"><input size=\"40\" maxlength=\"400\" class=\"wpcf7-form-control wpcf7-email wpcf7-validates-as-required wpcf7-text wpcf7-validates-as-email\" aria-required=\"true\" aria-invalid=\"false\" placeholder=\"name@example.com\" value=\"\" type=\"email\" name=\"email\" \/><\/span>\n\t<\/p>\n<\/div>\n<div class=\"submit\">\n\t<p><input class=\"wpcf7-form-control wpcf7-submit has-spinner button gradient\" type=\"submit\" value=\"Become a partner\" \/>\n\t<\/p>\n<\/div><div class=\"wpcf7-response-output\" aria-hidden=\"true\"><\/div>\n<\/form>\n<\/div>\n[\/vc_column_inner][\/vc_row_inner][\/vc_column][\/vc_row]<\/p>\n<\/div>","protected":false},"excerpt":{"rendered":"<p>[vc_row content_placement=&#8221;middle&#8221;][vc_column][vc_row_inner][vc_column_inner][\/vc_column_inner][\/vc_row_inner][vc_row_inner el_class=&#8221;partners-form&#8221;][vc_column_inner][vc_custom_heading text=&#8221;Sta\u0148te se partnerem&#8221; use_theme_fonts=&#8221;yes&#8221;][vc_column_text]A\u0165 u\u017e jste v&#8230;<\/p>\n","protected":false},"author":1,"featured_media":0,"parent":0,"menu_order":0,"comment_status":"closed","ping_status":"closed","template":"back-btn-template.php","meta":{"footnotes":""},"class_list":["post-4209","page","type-page","status-publish","hentry"],"yoast_head":"<!-- This site is optimized with the Yoast SEO plugin v27.1.1 - https:\/\/yoast.com\/product\/yoast-seo-wordpress\/ -->\n<title>Partne\u0159i - Na\u0161i partne\u0159i v oblasti eskortn\u00edch slu\u017eeb<\/title>\n<meta name=\"description\" content=\"Zjist\u011bte, jak si vybrat ide\u00e1ln\u00edho eskortn\u00edho partnera pro nezapomenuteln\u00e9 z\u00e1\u017eitky. Tipy a rady, jak co nejl\u00e9pe vyu\u017e\u00edt spole\u010dn\u00fd \u010das.\" \/>\n<meta name=\"robots\" content=\"index, follow, max-snippet:-1, max-image-preview:large, max-video-preview:-1\" \/>\n<link rel=\"canonical\" href=\"https:\/\/praguescort.cz\/cs\/partneri\/\" \/>\n<meta property=\"og:locale\" content=\"cs_CZ\" \/>\n<meta property=\"og:type\" content=\"article\" \/>\n<meta property=\"og:title\" content=\"Partne\u0159i - Na\u0161i partne\u0159i v oblasti eskortn\u00edch slu\u017eeb\" \/>\n<meta property=\"og:description\" content=\"Zjist\u011bte, jak si vybrat ide\u00e1ln\u00edho eskortn\u00edho partnera pro nezapomenuteln\u00e9 z\u00e1\u017eitky. Tipy a rady, jak co nejl\u00e9pe vyu\u017e\u00edt spole\u010dn\u00fd \u010das.\" \/>\n<meta property=\"og:url\" content=\"https:\/\/praguescort.cz\/cs\/partneri\/\" \/>\n<meta property=\"og:site_name\" content=\"Prague escort\" \/>\n<meta property=\"article:modified_time\" content=\"2025-01-18T12:49:49+00:00\" \/>\n<meta name=\"twitter:card\" content=\"summary_large_image\" \/>\n<meta name=\"twitter:label1\" content=\"Odhadovan\u00e1 doba \u010dten\u00ed\" \/>\n\t<meta name=\"twitter:data1\" content=\"1 minuta\" \/>\n<!-- \/ Yoast SEO plugin. -->","yoast_head_json":{"title":"Partne\u0159i - Na\u0161i partne\u0159i v oblasti eskortn\u00edch slu\u017eeb","description":"Zjist\u011bte, jak si vybrat ide\u00e1ln\u00edho eskortn\u00edho partnera pro nezapomenuteln\u00e9 z\u00e1\u017eitky. Tipy a rady, jak co nejl\u00e9pe vyu\u017e\u00edt spole\u010dn\u00fd \u010das.","robots":{"index":"index","follow":"follow","max-snippet":"max-snippet:-1","max-image-preview":"max-image-preview:large","max-video-preview":"max-video-preview:-1"},"canonical":"https:\/\/praguescort.cz\/cs\/partneri\/","og_locale":"cs_CZ","og_type":"article","og_title":"Partne\u0159i - Na\u0161i partne\u0159i v oblasti eskortn\u00edch slu\u017eeb","og_description":"Zjist\u011bte, jak si vybrat ide\u00e1ln\u00edho eskortn\u00edho partnera pro nezapomenuteln\u00e9 z\u00e1\u017eitky. Tipy a rady, jak co nejl\u00e9pe vyu\u017e\u00edt spole\u010dn\u00fd \u010das.","og_url":"https:\/\/praguescort.cz\/cs\/partneri\/","og_site_name":"Prague escort","article_modified_time":"2025-01-18T12:49:49+00:00","twitter_card":"summary_large_image","twitter_misc":{"Odhadovan\u00e1 doba \u010dten\u00ed":"1 minuta"},"schema":{"@context":"https:\/\/schema.org","@graph":[{"@type":"WebPage","@id":"https:\/\/praguescort.cz\/cs\/partneri\/","url":"https:\/\/praguescort.cz\/cs\/partneri\/","name":"Partne\u0159i - Na\u0161i partne\u0159i v oblasti eskortn\u00edch slu\u017eeb","isPartOf":{"@id":"https:\/\/praguescort.cz\/cs\/#website"},"datePublished":"2023-05-09T12:43:06+00:00","dateModified":"2025-01-18T12:49:49+00:00","description":"Zjist\u011bte, jak si vybrat ide\u00e1ln\u00edho eskortn\u00edho partnera pro nezapomenuteln\u00e9 z\u00e1\u017eitky. Tipy a rady, jak co nejl\u00e9pe vyu\u017e\u00edt spole\u010dn\u00fd \u010das.","breadcrumb":{"@id":"https:\/\/praguescort.cz\/cs\/partneri\/#breadcrumb"},"inLanguage":"cs","potentialAction":[{"@type":"ReadAction","target":["https:\/\/praguescort.cz\/cs\/partneri\/"]}]},{"@type":"BreadcrumbList","@id":"https:\/\/praguescort.cz\/cs\/partneri\/#breadcrumb","itemListElement":[{"@type":"ListItem","position":1,"name":"Home","item":"https:\/\/praguescort.cz\/cs\/"},{"@type":"ListItem","position":2,"name":"Partne\u0159i"}]},{"@type":"WebSite","@id":"https:\/\/praguescort.cz\/cs\/#website","url":"https:\/\/praguescort.cz\/cs\/","name":"Prague escort","description":"Escort in Prague","publisher":{"@id":"https:\/\/praguescort.cz\/cs\/#organization"},"potentialAction":[{"@type":"SearchAction","target":{"@type":"EntryPoint","urlTemplate":"https:\/\/praguescort.cz\/cs\/?s={search_term_string}"},"query-input":{"@type":"PropertyValueSpecification","valueRequired":true,"valueName":"search_term_string"}}],"inLanguage":"cs"},{"@type":"Organization","@id":"https:\/\/praguescort.cz\/cs\/#organization","name":"Prague escort","url":"https:\/\/praguescort.cz\/cs\/","logo":{"@type":"ImageObject","inLanguage":"cs","@id":"https:\/\/praguescort.cz\/cs\/#\/schema\/logo\/image\/","url":"https:\/\/praguescort.cz\/wp-content\/uploads\/2023\/03\/logo.svg","contentUrl":"https:\/\/praguescort.cz\/wp-content\/uploads\/2023\/03\/logo.svg","caption":"Prague escort"},"image":{"@id":"https:\/\/praguescort.cz\/cs\/#\/schema\/logo\/image\/"}}]}},"_links":{"self":[{"href":"https:\/\/praguescort.cz\/cs\/wp-json\/wp\/v2\/pages\/4209","targetHints":{"allow":["GET"]}}],"collection":[{"href":"https:\/\/praguescort.cz\/cs\/wp-json\/wp\/v2\/pages"}],"about":[{"href":"https:\/\/praguescort.cz\/cs\/wp-json\/wp\/v2\/types\/page"}],"author":[{"embeddable":true,"href":"https:\/\/praguescort.cz\/cs\/wp-json\/wp\/v2\/users\/1"}],"replies":[{"embeddable":true,"href":"https:\/\/praguescort.cz\/cs\/wp-json\/wp\/v2\/comments?post=4209"}],"version-history":[{"count":2,"href":"https:\/\/praguescort.cz\/cs\/wp-json\/wp\/v2\/pages\/4209\/revisions"}],"predecessor-version":[{"id":4211,"href":"https:\/\/praguescort.cz\/cs\/wp-json\/wp\/v2\/pages\/4209\/revisions\/4211"}],"wp:attachment":[{"href":"https:\/\/praguescort.cz\/cs\/wp-json\/wp\/v2\/media?parent=4209"}],"curies":[{"name":"wp","href":"https:\/\/api.w.org\/{rel}","templated":true}]}}