{"id":4200,"date":"2023-03-14T11:54:25","date_gmt":"2023-03-14T11:54:25","guid":{"rendered":"https:\/\/praguescort.cz\/casto-kladene-otazky\/"},"modified":"2025-07-16T18:21:31","modified_gmt":"2025-07-16T18:21:31","slug":"casto-kladene-otazky","status":"publish","type":"page","link":"https:\/\/praguescort.cz\/cs\/casto-kladene-otazky\/","title":{"rendered":"\u010casto kladen\u00e9 ot\u00e1zky"},"content":{"rendered":"<div class=\"wpb-content-wrapper\"><p>[vc_row content_placement=&#8221;middle&#8221;][vc_column][vc_row_inner][vc_column_inner]<div class=\"faq \">\n\t<h2>\u010casto kladen\u00e9 ot\u00e1zky<\/h2>\n\t\t\t\t<div class=\"item\">\n\t\t\t\t<h3>Jak\u00e9 slu\u017eby poskytuj\u00ed eskortn\u00ed slu\u017eby v Praze?<\/h3>\n\t\t\t\t<div class=\"text\">\n\t\t\t\t\t<p>Eskortn\u00ed slu\u017eby v Praze nab\u00edzej\u00ed r\u016fzn\u00e9 slu\u017eby, v\u010detn\u011b spole\u010dnosti, spole\u010densk\u00fdch vych\u00e1zek a intimn\u00edch setk\u00e1n\u00ed, v z\u00e1vislosti na individu\u00e1ln\u00edch preferenc\u00edch a dohod\u00e1ch.<\/p>\n\t\t\t\t<\/div>\n\t\t\t<\/div>\n\t\t\t\t\t\t<div class=\"item\">\n\t\t\t\t<h3>Jak si mohu objednat eskortn\u00ed slu\u017ebu v Praze?<\/h3>\n\t\t\t\t<div class=\"text\">\n\t\t\t\t\t<p>Pro objedn\u00e1n\u00ed eskortn\u00ed slu\u017eby v Praze m\u016f\u017eete kontaktovat renomovan\u00e9 eskortn\u00ed agentury nebo nez\u00e1visl\u00e9 eskorty p\u0159\u00edmo prost\u0159ednictv\u00edm jejich webov\u00fdch str\u00e1nek nebo uveden\u00fdch kontaktn\u00edch \u00fadaj\u016f.<\/p>\n\t\t\t\t<\/div>\n\t\t\t<\/div>\n\t\t\t\t\t\t<div class=\"item\">\n\t\t\t\t<h3>Jsou fotografie eskortn\u00edch slu\u017eeb v Praze na webov\u00fdch str\u00e1nk\u00e1ch skute\u010dn\u00e9?<\/h3>\n\t\t\t\t<div class=\"text\">\n\t\t\t\t\t<p>I kdy\u017e n\u011bkter\u00e9 fotografie mohou b\u00fdt skute\u010dn\u00e9, je d\u016fle\u017eit\u00e9 b\u00fdt opatrn\u00fd, proto\u017ee n\u011bkter\u00e9 obr\u00e1zky mohou b\u00fdt digit\u00e1ln\u011b upraven\u00e9. Zva\u017ete vyu\u017eit\u00ed agentur s dobrou pov\u011bst\u00ed pro autenticitu a spolehlivost.<\/p>\n\t\t\t\t<\/div>\n\t\t\t<\/div>\n\t\t\t\t\t\t<div class=\"item\">\n\t\t\t\t<h3>Jak\u00e9 jsou ceny za najmut\u00ed eskortn\u00ed slu\u017eby v Praze?<\/h3>\n\t\t\t\t<div class=\"text\">\n\t\t\t\t\t<p>Ceny za eskortn\u00ed slu\u017eby v Praze se li\u0161\u00ed podle faktor\u016f, jako jsou d\u00e9lka slu\u017eby, nab\u00edzen\u00e9 slu\u017eby a zku\u0161enosti eskorty. Nejlep\u0161\u00ed je se pt\u00e1t p\u0159\u00edmo eskorty nebo agentury na konkr\u00e9tn\u00ed cenov\u00e9 informace.<\/p>\n\t\t\t\t<\/div>\n\t\t\t<\/div>\n\t\t\t\t\t\t<div class=\"item\">\n\t\t\t\t<h3>Je leg\u00e1ln\u00ed naj\u00edmat eskorty v Praze?<\/h3>\n\t\t\t\t<div class=\"text\">\n\t\t\t\t\t<p>Ano, naj\u00edmat eskorty v Praze je leg\u00e1ln\u00ed. Je v\u0161ak d\u016fle\u017eit\u00e9 dodr\u017eovat m\u00edstn\u00ed z\u00e1kony a p\u0159edpisy a ujistit se, \u017ee se \u00fa\u010dastn\u00edte slu\u017eeb s dosp\u011bl\u00fdm, kter\u00fd d\u00e1v\u00e1 souhlas.<\/p>\n\t\t\t\t<\/div>\n\t\t\t<\/div>\n\t\t\t\t\t\t<div class=\"item\">\n\t\t\t\t<h3>Jsou slu\u017eby eskortn\u00edch slu\u017eeb v Praze d\u016fv\u011brn\u00e9?<\/h3>\n\t\t\t\t<div class=\"text\">\n\t\t\t\t\t<p>Ano, renomovan\u00e9 eskortn\u00ed agentury v Praze kladou d\u016fraz na d\u016fv\u011brnost klient\u016f. Eskorty jsou povinny dodr\u017eovat diskr\u00e9tnost a zajistit, aby soukrom\u00ed a osobn\u00ed informace klient\u016f byly chr\u00e1n\u011bny.<\/p>\n\t\t\t\t<\/div>\n\t\t\t<\/div>\n\t\t\t\t\t\t<div class=\"item\">\n\t\t\t\t<h3>Jak\u00e9 slu\u017eby poskytuj\u00ed eskorty v Praze?<\/h3>\n\t\t\t\t<div class=\"text\">\n\t\t\t\t\t<p>Eskorty v Praze obvykle nab\u00edzej\u00ed spole\u010dnost a spole\u010densk\u00e9 eskortn\u00ed slu\u017eby. Konkr\u00e9tn\u00ed slu\u017eby se mohou li\u0161it, ale \u010dasto zahrnuj\u00ed ve\u010de\u0159e, doprovod na akce a soukrom\u00fd \u010das spolu.<\/p>\n\t\t\t\t<\/div>\n\t\t\t<\/div>\n\t\t\t\t\t\t<div class=\"item\">\n\t\t\t\t<h3>Jsou eskorty v Praze diskr\u00e9tn\u00ed a profesion\u00e1ln\u00ed?<\/h3>\n\t\t\t\t<div class=\"text\">\n\t\t\t\t\t<p>Ano, renomovan\u00e9 eskorty v Praze kladou d\u016fraz na diskr\u00e9tnost a profesionalitu. Rozum\u00ed d\u016fle\u017eitosti zachov\u00e1n\u00ed soukrom\u00ed a poskytov\u00e1n\u00ed respektuj\u00edc\u00edho a p\u0159\u00edjemn\u00e9ho z\u00e1\u017eitku pro sv\u00e9 klienty.<\/p>\n\t\t\t\t<\/div>\n\t\t\t<\/div>\n\t\t\t\t\t\t<div class=\"item\">\n\t\t\t\t<h3>Jak\u00e1 je cena za najmut\u00ed eskorty v Praze?<\/h3>\n\t\t\t\t<div class=\"text\">\n\t\t\t\t\t<p>Cena za najmut\u00ed eskorty v Praze se m\u016f\u017ee li\u0161it v z\u00e1vislosti na r\u016fzn\u00fdch faktorech, v\u010detn\u011b d\u00e9lky rezervace, po\u017eadovan\u00fdch slu\u017eeb a zku\u0161enost\u00ed eskorty. Nejlep\u0161\u00ed je probrat ceny p\u0159\u00edmo s eskortou nebo agenturou, abyste z\u00edskali jasnou p\u0159edstavu o tarifech.<\/p>\n\t\t\t\t<\/div>\n\t\t\t<\/div>\n\t\t\t\t\t\t<div class=\"item\">\n\t\t\t\t<h3>Co je erotick\u00e1 mas\u00e1\u017e v Praze?<\/h3>\n\t\t\t\t<div class=\"text\">\n\t\t\t\t\t<p>Erotick\u00e1 mas\u00e1\u017e v Praze je smysln\u00e1 a intimn\u00ed forma mas\u00e1\u017ee, kter\u00e1 se zam\u011b\u0159uje na relaxaci, vzru\u0161en\u00ed a pot\u011b\u0161en\u00ed. Zahrnuje odborn\u00e9 mas\u00e1\u017en\u00ed techniky aplikovan\u00e9 na erogenn\u00ed z\u00f3ny, kter\u00e9 zlep\u0161uj\u00ed va\u0161e celkov\u00e9 blaho a poskytuj\u00ed p\u0159\u00edjemn\u00fd z\u00e1\u017eitek.<\/p>\n\t\t\t\t<\/div>\n\t\t\t<\/div>\n\t\t\t\t\t\t<div class=\"item\">\n\t\t\t\t<h3>Je erotick\u00e1 mas\u00e1\u017e v Praze leg\u00e1ln\u00ed?<\/h3>\n\t\t\t\t<div class=\"text\">\n\t\t\t\t\t<p>Ano, erotick\u00e1 mas\u00e1\u017e v Praze je leg\u00e1ln\u00ed, pokud neobsahuje sexu\u00e1ln\u00ed slu\u017eby nebo prostituci. Je d\u016fle\u017eit\u00e9 vybrat si renomovan\u00e9 za\u0159\u00edzen\u00ed, kter\u00e9 dodr\u017euje m\u00edstn\u00ed z\u00e1kony a p\u0159edpisy.<\/p>\n\t\t\t\t<\/div>\n\t\t\t<\/div>\n\t\t\t\t\t\t<div class=\"item\">\n\t\t\t\t<h3>Co m\u016f\u017eete o\u010dek\u00e1vat b\u011bhem sezen\u00ed erotick\u00e9 mas\u00e1\u017ee v Praze?<\/h3>\n\t\t\t\t<div class=\"text\">\n\t\t\t\t\t<p>B\u011bhem sezen\u00ed erotick\u00e9 mas\u00e1\u017ee v Praze m\u016f\u017eete o\u010dek\u00e1vat profesion\u00e1ln\u00ed a relaxa\u010dn\u00ed z\u00e1\u017eitek. Budete se nach\u00e1zet v pohodln\u00e9m prost\u0159ed\u00ed, kde kvalifikovan\u00fd terapeut pou\u017eije r\u016fzn\u00e9 techniky k dosa\u017een\u00ed smysln\u00e9ho pot\u011b\u0161en\u00ed a relaxace, ani\u017e by se dopou\u0161t\u011bl explicitn\u00edch nebo neleg\u00e1ln\u00edch aktivit.<\/p>\n\t\t\t\t<\/div>\n\t\t\t<\/div>\n\t\t\t\t\t\t<div class=\"item\">\n\t\t\t\t<h3>Jak si mohu objednat erotickou mas\u00e1\u017e v Praze?<\/h3>\n\t\t\t\t<div class=\"text\">\n\t\t\t\t\t<p>Pro objedn\u00e1n\u00ed erotick\u00e9 mas\u00e1\u017ee v Praze obvykle nav\u0161t\u00edv\u00edte webov\u00e9 str\u00e1nky nebo kontaktujete dan\u00e9 za\u0159\u00edzen\u00ed p\u0159\u00edmo. Rezervujte si term\u00edn s p\u0159edstihem, abyste zajistili, \u017ee dostanete datum a \u010das, kter\u00fd v\u00e1m nejl\u00e9pe vyhovuje.<\/p>\n\t\t\t\t<\/div>\n\t\t\t<\/div>\n\t\t\t\t\t\t<div class=\"item\">\n\t\t\t\t<h3>Jak si mohu objednat pr\u00e9miovou eskortu v Praze?<\/h3>\n\t\t\t\t<div class=\"text\">\n\t\t\t\t\t<p>Pro objedn\u00e1n\u00ed pr\u00e9miov\u00e9 eskorty v Praze jednodu\u0161e nav\u0161tivte na\u0161e webov\u00e9 str\u00e1nky, prohl\u00e9dn\u011bte si dostupn\u00e9 eskorty a kontaktujte n\u00e1s prost\u0159ednictv\u00edm uveden\u00fdch kontaktn\u00edch \u00fadaj\u016f nebo rezerva\u010dn\u00edho formul\u00e1\u0159e. Pom\u016f\u017eeme v\u00e1m s rezervac\u00ed.<\/p>\n\t\t\t\t<\/div>\n\t\t\t<\/div>\n\t\t\t\t\t\t<div class=\"item\">\n\t\t\t\t<h3>Jsou fotografie eskort na webov\u00fdch str\u00e1nk\u00e1ch p\u0159esn\u00e9 a aktu\u00e1ln\u00ed?<\/h3>\n\t\t\t\t<div class=\"text\">\n\t\t\t\t\t<p>Ano, usilujeme o to, aby fotografie na\u0161ich eskort na webov\u00fdch str\u00e1nk\u00e1ch byly p\u0159esn\u00e9 a aktu\u00e1ln\u00ed. Pravideln\u011b aktualizujeme profily, abychom v\u00e1m poskytli co nejv\u011brn\u011bj\u0161\u00ed zobrazen\u00ed na\u0161ich eskort.<\/p>\n\t\t\t\t<\/div>\n\t\t\t<\/div>\n\t\t\t\t\t\t<div class=\"item\">\n\t\t\t\t<h3>Mohu p\u0159i objedn\u00e1v\u00e1n\u00ed pr\u00e9miov\u00e9 eskorty po\u017eadovat konkr\u00e9tn\u00ed slu\u017eby nebo preference?<\/h3>\n\t\t\t\t<div class=\"text\">\n\t\t\t\t\t<p>Samoz\u0159ejm\u011b, p\u0159i rezervaci m\u016f\u017eete specifikovat sv\u00e9 preference a po\u017eadovan\u00e9 slu\u017eby. Ud\u011bl\u00e1me v\u0161e pro to, abychom v\u00e1s spojili s eskortou, kter\u00e1 spln\u00ed va\u0161e po\u017eadavky a zajist\u00ed v\u00e1m nezapomenuteln\u00fd z\u00e1\u017eitek.<\/p>\n\t\t\t\t<\/div>\n\t\t\t<\/div>\n\t\t\t\t\t\t<div class=\"item\">\n\t\t\t\t<h3>Je diskr\u00e9tnost zaru\u010dena p\u0159i rezervaci pr\u00e9miov\u00e9 eskorty v Praze?<\/h3>\n\t\t\t\t<div class=\"text\">\n\t\t\t\t\t<p>Ano, diskr\u00e9tnost je pro n\u00e1s nejvy\u0161\u0161\u00ed prioritou. Na soukrom\u00ed a d\u016fv\u011brnost klademe velk\u00fd d\u016fraz. Va\u0161e osobn\u00ed informace a detaily rezervace budou p\u0159\u00edsn\u011b d\u016fv\u011brn\u00e9.<\/p>\n\t\t\t\t<\/div>\n\t\t\t<\/div>\n\t\t\t\t\t\t<div class=\"item\">\n\t\t\t\t<h3>Jak\u00e9 slu\u017eby nab\u00edz\u00ed VIP Escort Service Prague?<\/h3>\n\t\t\t\t<div class=\"text\">\n\t\t\t\t\t<p>VIP Escort Service Prague nab\u00edz\u00ed diskr\u00e9tn\u00ed spole\u010densk\u00e9 slu\u017eby s profesion\u00e1ln\u00edmi eskortami, kter\u00e9 zaji\u0161\u0165uj\u00ed nezapomenuteln\u00fd a p\u0159\u00edjemn\u00fd z\u00e1\u017eitek.<\/p>\n\t\t\t\t<\/div>\n\t\t\t<\/div>\n\t\t\t\t\t\t<div class=\"item\">\n\t\t\t\t<h3>Jak si mohu objednat eskortu prost\u0159ednictv\u00edm VIP Escort Service Prague?<\/h3>\n\t\t\t\t<div class=\"text\">\n\t\t\t\t\t<p>Pro objedn\u00e1n\u00ed eskorty prost\u0159ednictv\u00edm VIP Escort Service Prague jednodu\u0161e nav\u0161tivte na\u0161e webov\u00e9 str\u00e1nky, prohl\u00e9dn\u011bte si dostupn\u00e9 profily a pou\u017eijte online rezerva\u010dn\u00ed formul\u00e1\u0159 nebo kontaktujte na\u0161i specializovanou z\u00e1kaznickou podporu pro pomoc.<\/p>\n\t\t\t\t<\/div>\n\t\t\t<\/div>\n\t\t\t\t\t\t<div class=\"item\">\n\t\t\t\t<h3>Jsou profily na VIP Escort Service Prague autentick\u00e9?<\/h3>\n\t\t\t\t<div class=\"text\">\n\t\t\t\t\t<p>Ano, profily na VIP Escort Service Prague jsou autentick\u00e9. Velmi pe\u010dliv\u011b ov\u011b\u0159ujeme identitu a detaily na\u0161ich eskort, abychom zajistili transparentnost a spolehlivost pro na\u0161e klienty.<\/p>\n\t\t\t\t<\/div>\n\t\t\t<\/div>\n\t\t\t\t\t\t<div class=\"item\">\n\t\t\t\t<h3>Jak\u00e1 je z\u00e1sada ochrany soukrom\u00ed VIP Escort Service Prague?<\/h3>\n\t\t\t\t<div class=\"text\">\n\t\t\t\t\t<p>VIP Escort Service Prague klade d\u016fraz na ochranu soukrom\u00ed klient\u016f. M\u00e1me p\u0159\u00edsnou z\u00e1sadu ochrany soukrom\u00ed, kter\u00e1 chr\u00e1n\u00ed v\u0161echny osobn\u00ed informace a zaji\u0161\u0165uje d\u016fv\u011brnost b\u011bhem cel\u00e9ho procesu rezervace.<\/p>\n\t\t\t\t<\/div>\n\t\t\t<\/div>\n\t\t\t\t\t\t<div class=\"item\">\n\t\t\t\t<h3>Je erotick\u00e1 mas\u00e1\u017e tot\u00e9\u017e co obsah pro dosp\u011bl\u00e9?<\/h3>\n\t\t\t\t<div class=\"text\">\n\t\t\t\t\t<p>Ne, erotick\u00e1 mas\u00e1\u017e se zam\u011b\u0159uje na terapeutick\u00fd dotek a smyslov\u00e9 pot\u011b\u0161en\u00ed, co\u017e ji odli\u0161uje od explicitn\u00edho obsahu. Ano, obvykle existuj\u00ed v\u011bkov\u00e9 restrikce pro erotickou mas\u00e1\u017e, a to v\u011bt\u0161inou vy\u017eaduje, aby byli klienti star\u0161\u00ed 18 let.<\/p>\n\t\t\t\t<\/div>\n\t\t\t<\/div>\n\t\t\t\t\t\t<div class=\"item\">\n\t\t\t\t<h3>Jak si mohu zajistit bezpe\u010dn\u00fd a konsensu\u00e1ln\u00ed z\u00e1\u017eitek?<\/h3>\n\t\t\t\t<div class=\"text\">\n\t\t\t\t\t<p>Vyberte si kvalifikovan\u00e9ho odborn\u00edka, komunikujte otev\u0159en\u011b a stanovte jasn\u00e9 hranice p\u0159ed za\u010d\u00e1tkem sezen\u00ed.<\/p>\n\t\t\t\t<\/div>\n\t\t\t<\/div>\n\t\t\t\t\t\t<div class=\"item\">\n\t\t\t\t<h3>Jak\u00e1 jsou mo\u017en\u00e1 rizika erotick\u00e9 mas\u00e1\u017ee?<\/h3>\n\t\t\t\t<div class=\"text\">\n\t\t\t\t\t<p>I kdy\u017e je obecn\u011b bezpe\u010dn\u00e1, rizika mohou zahrnovat nepohodl\u00ed nebo emo\u010dn\u00ed reakce. Zodpov\u011bdn\u00e1 praxe a komunikace pom\u00e1haj\u00ed tato rizika minimalizovat.<\/p>\n\t\t\t\t<\/div>\n\t\t\t<\/div>\n\t\t\t\t\t\t<div class=\"item\">\n\t\t\t\t<h3>Lze erotickou mas\u00e1\u017e kombinovat s jin\u00fdmi terapiemi?<\/h3>\n\t\t\t\t<div class=\"text\">\n\t\t\t\t\t<p>Ano, mnoho lid\u00ed zkoum\u00e1 kombinaci erotick\u00e9 mas\u00e1\u017ee s jin\u00fdmi holistick\u00fdmi terapiemi pro komplexn\u00ed p\u0159\u00edstup k celkov\u00e9mu blahu.<\/p>\n\t\t\t\t<\/div>\n\t\t\t<\/div>\n\t\t\t\t\t\t<div class=\"item\">\n\t\t\t\t<h3>Co je to erotick\u00e1 mas\u00e1\u017e v Praze a jak se li\u0161\u00ed od tradi\u010dn\u00ed mas\u00e1\u017ee?<\/h3>\n\t\t\t\t<div class=\"text\">\n\t\t\t\t\t<p>Erotick\u00e1 mas\u00e1\u017e v Praze je smysln\u00e1 forma mas\u00e1\u017ee, kter\u00e1 p\u0159esahuje r\u00e1mec tradi\u010dn\u00ed mas\u00e1\u017ee. Zam\u011b\u0159uje se na zv\u00fd\u0161en\u00ed smyslov\u00fdch pro\u017eitk\u016f, podporu relaxace a prohlouben\u00ed propojen\u00ed mezi t\u011blem a mysl\u00ed.<\/p>\n\t\t\t\t<\/div>\n\t\t\t<\/div>\n\t\t\t\t\t\t<div class=\"item\">\n\t\t\t\t<h3>Existuj\u00ed n\u011bjak\u00e9 v\u011bkov\u00e9 nebo zdravotn\u00ed omezen\u00ed pro erotickou mas\u00e1\u017e v Praze?<\/h3>\n\t\t\t\t<div class=\"text\">\n\t\t\t\t\t<p>V\u011bt\u0161ina za\u0159\u00edzen\u00ed dodr\u017euje v\u011bkov\u00e1 omezen\u00ed, obvykle vy\u017eaduj\u00edc\u00ed, aby klienti byli alespo\u0148 18 let. Co se t\u00fd\u010de zdrav\u00ed, je doporu\u010deno konzultovat to s odborn\u00edkem p\u0159edem, zejm\u00e9na pokud m\u00e1te specifick\u00e9 zdravotn\u00ed probl\u00e9my.<\/p>\n\t\t\t\t<\/div>\n\t\t\t<\/div>\n\t\t\t\t\t\t<div class=\"item\">\n\t\t\t\t<h3>Jak dlouho obvykle trv\u00e1 sezen\u00ed erotick\u00e9 mas\u00e1\u017ee v Praze?<\/h3>\n\t\t\t\t<div class=\"text\">\n\t\t\t\t\t<p>Sezen\u00ed mohou m\u00edt r\u016fznou d\u00e9lku, ale obvykle trvaj\u00ed od 60 do 90 minut. Del\u0161\u00ed sezen\u00ed umo\u017e\u0148uj\u00ed hlub\u0161\u00ed z\u00e1\u017eitek a poskytuj\u00ed dostatek \u010dasu na relaxaci a objevov\u00e1n\u00ed.<\/p>\n\t\t\t\t<\/div>\n\t\t\t<\/div>\n\t\t\t\t\t\t<div class=\"item\">\n\t\t\t\t<h3>Je b\u011bhem sezen\u00ed erotick\u00e9 mas\u00e1\u017ee v Praze doporu\u010dena komunikace?<\/h3>\n\t\t\t\t<div class=\"text\">\n\t\t\t\t\t<p>Komunikace je kl\u00ed\u010dem k zaji\u0161t\u011bn\u00ed pohodln\u00e9ho z\u00e1\u017eitku. Zat\u00edmco n\u011bkte\u0159\u00ed mohou d\u00e1t p\u0159ednost tichu, ne\u017e se pln\u011b pono\u0159it do sebe, jin\u00fdm m\u016f\u017ee b\u00fdt prosp\u011b\u0161n\u00e9 sd\u011blit sv\u00e9 preference a \u00farovn\u011b pohodl\u00ed.<\/p>\n\t\t\t\t<\/div>\n\t\t\t<\/div>\n\t\t\t\t\t\t<div class=\"item\">\n\t\t\t\t<h3>Je naj\u00edm\u00e1n\u00ed eskort v Praze leg\u00e1ln\u00ed?<\/h3>\n\t\t\t\t<div class=\"text\">\n\t\t\t\t\t<p>Ano, najmout si eskortu je v Praze leg\u00e1ln\u00ed, pokud nezahrnuje sexu\u00e1ln\u00ed slu\u017eby.<\/p>\n\t\t\t\t<\/div>\n\t\t\t<\/div>\n\t\t\t\t\t\t<div class=\"item\">\n\t\t\t\t<h3>Kolik stoj\u00ed pron\u00e1jem eskort v Praha?<\/h3>\n\t\t\t\t<div class=\"text\">\n\t\t\t\t\t<p>Cena za pron\u00e1jem eskorty v Praze se li\u0161\u00ed v z\u00e1vislosti na cen\u011b eskorty a po\u017eadovan\u00fdch slu\u017eb\u00e1ch.<\/p>\n\t\t\t\t<\/div>\n\t\t\t<\/div>\n\t\t\t\t\t\t<div class=\"item\">\n\t\t\t\t<h3>Jsou eskorty v Praze bezpe\u010dn\u00e9?<\/h3>\n\t\t\t\t<div class=\"text\">\n\t\t\t\t\t<p>Eskorty v Praze up\u0159ednost\u0148uj\u00ed bezpe\u010dnost a \u010dasto p\u0159ij\u00edmaj\u00ed opat\u0159en\u00ed k zaji\u0161t\u011bn\u00ed bezpe\u010dnosti sv\u00fdch klient\u016f.<\/p>\n\t\t\t\t<\/div>\n\t\t\t<\/div>\n\t\t\t\t\t\t<div class=\"item\">\n\t\t\t\t<h3>Mohu si najmout eskortu pro nesexu\u00e1ln\u00ed \u00fa\u010dely?<\/h3>\n\t\t\t\t<div class=\"text\">\n\t\t\t\t\t<p>Ano, mnoho eskort v Praze nab\u00edz\u00ed doprovodn\u00e9 a podp\u016frn\u00e9 slu\u017eby, kter\u00e9 nezahrnuj\u00ed sexu\u00e1ln\u00ed aktivity.<\/p>\n\t\t\t\t<\/div>\n\t\t\t<\/div>\n\t\t\t\t\t\t<div class=\"item\">\n\t\t\t\t<h3>Jak mohu zajistit d\u016fv\u011brnost m\u00fdch interakc\u00ed s eskortou v Praze?<\/h3>\n\t\t\t\t<div class=\"text\">\n\t\t\t\t\t<p>Eskorty v Praze jsou profesion\u00e1lov\u00e9, kte\u0159\u00ed ch\u00e1pou d\u016fle\u017eitost d\u016fv\u011brnosti. Sv\u00e9 obavy o soukrom\u00ed m\u016f\u017eete probrat s eskortou, ne\u017e si je najmete.<\/p>\n\t\t\t\t<\/div>\n\t\t\t<\/div>\n\t\t\t\t\t\t<div class=\"item\">\n\t\t\t\t<h3>Jak naj\u00edt kvalitn\u00ed escort v Praze?<\/h3>\n\t\t\t\t<div class=\"text\">\n\t\t\t\t\t<p>Kvalitn\u00ed escort v Praze m\u016f\u017eete naj\u00edt prost\u0159ednictv\u00edm profesion\u00e1ln\u00edch agentur, kter\u00e9 nab\u00edzej\u00ed diskr\u00e9tn\u00ed a bezpe\u010dn\u00e9 slu\u017eby. Doporu\u010duje se vyb\u00edrat ov\u011b\u0159en\u00e9 agentury nebo webov\u00e9 str\u00e1nky s dobr\u00fdmi recenzemi.<\/p>\n\t\t\t\t<\/div>\n\t\t\t<\/div>\n\t\t\t\t\t\t<div class=\"item\">\n\t\t\t\t<h3>Kde sehnat holky na sex v Praze?<\/h3>\n\t\t\t\t<div class=\"text\">\n\t\t\t\t\t<p>Holky na sex v Praze lze nal\u00e9zt prost\u0159ednictv\u00edm r\u016fzn\u00fdch online platforem, kter\u00e9 nab\u00edzej\u00ed erotick\u00e9 slu\u017eby. Vyplat\u00ed se v\u011bnovat pozornost recenz\u00edm a hodnocen\u00edm klient\u016f, aby byla zaji\u0161t\u011bna kvalita a diskr\u00e9tnost.<\/p>\n\t\t\t\t<\/div>\n\t\t\t<\/div>\n\t\t\t\t\t\t<div class=\"item\">\n\t\t\t\t<h3>Jak\u00e9 jsou mo\u017enosti pro holky na priv\u00e1t v Praze?<\/h3>\n\t\t\t\t<div class=\"text\">\n\t\t\t\t\t<p>Pro z\u00e1jemce o holky na priv\u00e1t v Praze existuje n\u011bkolik variant, v\u010detn\u011b priv\u00e1tn\u00edch klub\u016f a slu\u017eeb, kter\u00e9 nab\u00edzej\u00ed soukrom\u00e9 sch\u016fzky. Mnoho klient\u016f vol\u00ed tuto mo\u017enost pro v\u011bt\u0161\u00ed soukrom\u00ed a pohodl\u00ed.<\/p>\n\t\t\t\t<\/div>\n\t\t\t<\/div>\n\t\t\t\t\t\t<div class=\"item\">\n\t\t\t\t<h3>Co o\u010dek\u00e1vat od escortu v Praze?<\/h3>\n\t\t\t\t<div class=\"text\">\n\t\t\t\t\t<p>Od escortu v Praze m\u016f\u017eete o\u010dek\u00e1vat profesion\u00e1ln\u00ed a diskr\u00e9tn\u00ed slu\u017eby, a\u0165 u\u017e se jedn\u00e1 o spole\u010densk\u00fd doprovod, nebo soukrom\u011bj\u0161\u00ed z\u00e1\u017eitky. D\u016fle\u017eit\u00e9 je p\u0159edem jasn\u011b stanovit o\u010dek\u00e1v\u00e1n\u00ed a slu\u017eby.<\/p>\n\t\t\t\t<\/div>\n\t\t\t<\/div>\n\t\t\t\t\t\t<div class=\"item\">\n\t\t\t\t<h3>Je mo\u017en\u00e9 naj\u00edt holky na priv\u00e1t v centru Prahy?<\/h3>\n\t\t\t\t<div class=\"text\">\n\t\t\t\t\t<p>Ano, holky na priv\u00e1t lze snadno naj\u00edt i v centru Prahy, kde mnoho agentur a priv\u00e1tn\u00edch slu\u017eeb nab\u00edz\u00ed sv\u00e9 slu\u017eby turist\u016fm i m\u00edstn\u00edm. Sta\u010d\u00ed si vybrat tu spr\u00e1vnou podle va\u0161ich preferenc\u00ed a po\u017eadavk\u016f.<\/p>\n\t\t\t\t<\/div>\n\t\t\t<\/div>\n\t\t\t<\/div>\n[\/vc_column_inner][\/vc_row_inner][vc_row_inner content_placement=&#8221;middle&#8221; el_class=&#8221;seo-block&#8221;][vc_column_inner][vc_custom_heading text=&#8221;&#8221; font_container=&#8221;tag:h3|text_align:left&#8221; use_theme_fonts=&#8221;yes&#8221;][vc_column_text][\/vc_column_text][\/vc_column_inner][\/vc_row_inner][\/vc_column][\/vc_row]<\/p>\n<\/div>","protected":false},"excerpt":{"rendered":"<p>[vc_row content_placement=&#8221;middle&#8221;][vc_column][vc_row_inner][vc_column_inner][\/vc_column_inner][\/vc_row_inner][vc_row_inner content_placement=&#8221;middle&#8221; el_class=&#8221;seo-block&#8221;][vc_column_inner][vc_custom_heading text=&#8221;&#8221; font_container=&#8221;tag:h3|text_align:left&#8221; use_theme_fonts=&#8221;yes&#8221;][vc_column_text][\/vc_column_text][\/vc_column_inner][\/vc_row_inner][\/vc_column][\/vc_row]<\/p>\n","protected":false},"author":1,"featured_media":0,"parent":0,"menu_order":0,"comment_status":"closed","ping_status":"closed","template":"","meta":{"footnotes":""},"class_list":["post-4200","page","type-page","status-publish","hentry"],"yoast_head":"<!-- This site is optimized with the Yoast SEO plugin v27.1.1 - https:\/\/yoast.com\/product\/yoast-seo-wordpress\/ -->\n<title>\u010casto kladen\u00e9 ot\u00e1zky | Escort Praha<\/title>\n<meta name=\"description\" content=\"Z\u00edskejte odpov\u011bdi na nej\u010dast\u011bj\u0161\u00ed dotazy o eskortn\u00edch slu\u017eb\u00e1ch v Praze. Informace o rezervac\u00edch, diskr\u00e9tnosti a profesion\u00e1ln\u00edch eskortn\u00edch slu\u017eb\u00e1ch v Praze.\" \/>\n<meta name=\"robots\" content=\"index, follow, max-snippet:-1, max-image-preview:large, max-video-preview:-1\" \/>\n<link rel=\"canonical\" href=\"https:\/\/praguescort.cz\/cs\/casto-kladene-otazky\/\" \/>\n<meta property=\"og:locale\" content=\"cs_CZ\" \/>\n<meta property=\"og:type\" content=\"article\" \/>\n<meta property=\"og:title\" content=\"\u010casto kladen\u00e9 ot\u00e1zky | Escort Praha\" \/>\n<meta property=\"og:description\" content=\"Z\u00edskejte odpov\u011bdi na nej\u010dast\u011bj\u0161\u00ed dotazy o eskortn\u00edch slu\u017eb\u00e1ch v Praze. Informace o rezervac\u00edch, diskr\u00e9tnosti a profesion\u00e1ln\u00edch eskortn\u00edch slu\u017eb\u00e1ch v Praze.\" \/>\n<meta property=\"og:url\" content=\"https:\/\/praguescort.cz\/cs\/casto-kladene-otazky\/\" \/>\n<meta property=\"og:site_name\" content=\"Prague escort\" \/>\n<meta property=\"article:modified_time\" content=\"2025-07-16T18:21:31+00:00\" \/>\n<meta name=\"twitter:card\" content=\"summary_large_image\" \/>\n<meta name=\"twitter:label1\" content=\"Odhadovan\u00e1 doba \u010dten\u00ed\" \/>\n\t<meta name=\"twitter:data1\" content=\"1 minuta\" \/>\n<!-- \/ Yoast SEO plugin. -->","yoast_head_json":{"title":"\u010casto kladen\u00e9 ot\u00e1zky | Escort Praha","description":"Z\u00edskejte odpov\u011bdi na nej\u010dast\u011bj\u0161\u00ed dotazy o eskortn\u00edch slu\u017eb\u00e1ch v Praze. Informace o rezervac\u00edch, diskr\u00e9tnosti a profesion\u00e1ln\u00edch eskortn\u00edch slu\u017eb\u00e1ch v Praze.","robots":{"index":"index","follow":"follow","max-snippet":"max-snippet:-1","max-image-preview":"max-image-preview:large","max-video-preview":"max-video-preview:-1"},"canonical":"https:\/\/praguescort.cz\/cs\/casto-kladene-otazky\/","og_locale":"cs_CZ","og_type":"article","og_title":"\u010casto kladen\u00e9 ot\u00e1zky | Escort Praha","og_description":"Z\u00edskejte odpov\u011bdi na nej\u010dast\u011bj\u0161\u00ed dotazy o eskortn\u00edch slu\u017eb\u00e1ch v Praze. Informace o rezervac\u00edch, diskr\u00e9tnosti a profesion\u00e1ln\u00edch eskortn\u00edch slu\u017eb\u00e1ch v Praze.","og_url":"https:\/\/praguescort.cz\/cs\/casto-kladene-otazky\/","og_site_name":"Prague escort","article_modified_time":"2025-07-16T18:21:31+00:00","twitter_card":"summary_large_image","twitter_misc":{"Odhadovan\u00e1 doba \u010dten\u00ed":"1 minuta"},"schema":{"@context":"https:\/\/schema.org","@graph":[{"@type":"WebPage","@id":"https:\/\/praguescort.cz\/cs\/casto-kladene-otazky\/","url":"https:\/\/praguescort.cz\/cs\/casto-kladene-otazky\/","name":"\u010casto kladen\u00e9 ot\u00e1zky | Escort Praha","isPartOf":{"@id":"https:\/\/praguescort.cz\/cs\/#website"},"datePublished":"2023-03-14T11:54:25+00:00","dateModified":"2025-07-16T18:21:31+00:00","description":"Z\u00edskejte odpov\u011bdi na nej\u010dast\u011bj\u0161\u00ed dotazy o eskortn\u00edch slu\u017eb\u00e1ch v Praze. Informace o rezervac\u00edch, diskr\u00e9tnosti a profesion\u00e1ln\u00edch eskortn\u00edch slu\u017eb\u00e1ch v Praze.","breadcrumb":{"@id":"https:\/\/praguescort.cz\/cs\/casto-kladene-otazky\/#breadcrumb"},"inLanguage":"cs","potentialAction":[{"@type":"ReadAction","target":["https:\/\/praguescort.cz\/cs\/casto-kladene-otazky\/"]}]},{"@type":"BreadcrumbList","@id":"https:\/\/praguescort.cz\/cs\/casto-kladene-otazky\/#breadcrumb","itemListElement":[{"@type":"ListItem","position":1,"name":"Home","item":"https:\/\/praguescort.cz\/cs\/"},{"@type":"ListItem","position":2,"name":"\u010casto kladen\u00e9 ot\u00e1zky"}]},{"@type":"WebSite","@id":"https:\/\/praguescort.cz\/cs\/#website","url":"https:\/\/praguescort.cz\/cs\/","name":"Prague escort","description":"Escort in Prague","publisher":{"@id":"https:\/\/praguescort.cz\/cs\/#organization"},"potentialAction":[{"@type":"SearchAction","target":{"@type":"EntryPoint","urlTemplate":"https:\/\/praguescort.cz\/cs\/?s={search_term_string}"},"query-input":{"@type":"PropertyValueSpecification","valueRequired":true,"valueName":"search_term_string"}}],"inLanguage":"cs"},{"@type":"Organization","@id":"https:\/\/praguescort.cz\/cs\/#organization","name":"Prague escort","url":"https:\/\/praguescort.cz\/cs\/","logo":{"@type":"ImageObject","inLanguage":"cs","@id":"https:\/\/praguescort.cz\/cs\/#\/schema\/logo\/image\/","url":"https:\/\/praguescort.cz\/wp-content\/uploads\/2023\/03\/logo.svg","contentUrl":"https:\/\/praguescort.cz\/wp-content\/uploads\/2023\/03\/logo.svg","caption":"Prague escort"},"image":{"@id":"https:\/\/praguescort.cz\/cs\/#\/schema\/logo\/image\/"}}]}},"_links":{"self":[{"href":"https:\/\/praguescort.cz\/cs\/wp-json\/wp\/v2\/pages\/4200","targetHints":{"allow":["GET"]}}],"collection":[{"href":"https:\/\/praguescort.cz\/cs\/wp-json\/wp\/v2\/pages"}],"about":[{"href":"https:\/\/praguescort.cz\/cs\/wp-json\/wp\/v2\/types\/page"}],"author":[{"embeddable":true,"href":"https:\/\/praguescort.cz\/cs\/wp-json\/wp\/v2\/users\/1"}],"replies":[{"embeddable":true,"href":"https:\/\/praguescort.cz\/cs\/wp-json\/wp\/v2\/comments?post=4200"}],"version-history":[{"count":5,"href":"https:\/\/praguescort.cz\/cs\/wp-json\/wp\/v2\/pages\/4200\/revisions"}],"predecessor-version":[{"id":5061,"href":"https:\/\/praguescort.cz\/cs\/wp-json\/wp\/v2\/pages\/4200\/revisions\/5061"}],"wp:attachment":[{"href":"https:\/\/praguescort.cz\/cs\/wp-json\/wp\/v2\/media?parent=4200"}],"curies":[{"name":"wp","href":"https:\/\/api.w.org\/{rel}","templated":true}]}}