{"id":4008,"date":"2023-03-14T11:54:47","date_gmt":"2023-03-14T11:54:47","guid":{"rendered":"https:\/\/praguescort.cz\/kontakty\/"},"modified":"2025-09-14T13:04:22","modified_gmt":"2025-09-14T13:04:22","slug":"kontakty","status":"publish","type":"page","link":"https:\/\/praguescort.cz\/cs\/kontakty\/","title":{"rendered":"Kontakty"},"content":{"rendered":"<div class=\"wpb-content-wrapper\"><p>[vc_row content_placement=&#8221;middle&#8221;][vc_column][vc_row_inner content_placement=&#8221;middle&#8221; el_class=&#8221;contacts-block&#8221;][vc_column_inner][vc_custom_heading text=&#8221;Kontakt&#8221; font_container=&#8221;tag:h1|text_align:left&#8221; use_theme_fonts=&#8221;yes&#8221;][vc_column_text css=&#8221;&#8221;]<img decoding=\"async\" src=\"\/wp-content\/uploads\/2023\/06\/Logo.png\" alt=\"\" \/> D\u011bkujeme, \u017ee jste zv\u00e1\u017eili vyu\u017eit\u00ed slu\u017eeb Prague Escort Services. V\u00e1\u017e\u00edme si va\u0161eho z\u00e1jmu a jsme tu, abychom v\u00e1m pomohli s jak\u00fdmikoli dotazy nebo po\u017eadavky, kter\u00e9 m\u016f\u017eete m\u00edt. Nev\u00e1hejte n\u00e1s kontaktovat prost\u0159ednictv\u00edm n\u00e1sleduj\u00edc\u00edch mo\u017enost\u00ed.<\/p>\n<ul>\n<li>\n<div class=\"VoqD8\">\n<div class=\"eYSAde\"><a href=\"mailto:info@praguescort.cz\">info@praguescort.cz<\/a><\/div>\n<\/div>\n<\/li>\n<\/ul>\n<p>[\/vc_column_text][vc_column_text][\/vc_column_text][\/vc_column_inner][\/vc_row_inner][vc_row_inner el_class=&#8221;seo-block&#8221;][vc_column_inner][vc_custom_heading text=&#8221;&#8221; font_container=&#8221;tag:h3|text_align:left&#8221; use_theme_fonts=&#8221;yes&#8221;][vc_column_text][\/vc_column_text][\/vc_column_inner][\/vc_row_inner][\/vc_column][\/vc_row]<\/p>\n<\/div>","protected":false},"excerpt":{"rendered":"<p>[vc_row content_placement=&#8221;middle&#8221;][vc_column][vc_row_inner content_placement=&#8221;middle&#8221; el_class=&#8221;contacts-block&#8221;][vc_column_inner][vc_custom_heading text=&#8221;Kontakt&#8221; font_container=&#8221;tag:h1|text_align:left&#8221; use_theme_fonts=&#8221;yes&#8221;][vc_column_text css=&#8221;&#8221;] D\u011bkujeme, \u017ee&#8230;<\/p>\n","protected":false},"author":1,"featured_media":0,"parent":0,"menu_order":0,"comment_status":"closed","ping_status":"closed","template":"back-btn-template.php","meta":{"footnotes":""},"class_list":["post-4008","page","type-page","status-publish","hentry"],"yoast_head":"<!-- This site is optimized with the Yoast SEO plugin v27.4 - https:\/\/yoast.com\/product\/yoast-seo-wordpress\/ -->\n<title>Kontakty - Kontaktujte n\u00e1s pro eskortn\u00ed slu\u017eby<\/title>\n<meta name=\"description\" content=\"Kontaktujte n\u00e1s pro rezervace, dotazy nebo podporu. Diskr\u00e9tn\u00ed komunikace, profesion\u00e1ln\u00ed slu\u017eby a p\u0159\u00e1telsk\u00e1 asistence zaji\u0161t\u011bna.\" \/>\n<meta name=\"robots\" content=\"index, follow, max-snippet:-1, max-image-preview:large, max-video-preview:-1\" \/>\n<link rel=\"canonical\" href=\"https:\/\/praguescort.cz\/cs\/kontakty\/\" \/>\n<meta property=\"og:locale\" content=\"cs_CZ\" \/>\n<meta property=\"og:type\" content=\"article\" \/>\n<meta property=\"og:title\" content=\"Kontakty - Kontaktujte n\u00e1s pro eskortn\u00ed slu\u017eby\" \/>\n<meta property=\"og:description\" content=\"Kontaktujte n\u00e1s pro rezervace, dotazy nebo podporu. Diskr\u00e9tn\u00ed komunikace, profesion\u00e1ln\u00ed slu\u017eby a p\u0159\u00e1telsk\u00e1 asistence zaji\u0161t\u011bna.\" \/>\n<meta property=\"og:url\" content=\"https:\/\/praguescort.cz\/cs\/kontakty\/\" \/>\n<meta property=\"og:site_name\" content=\"Prague escort\" \/>\n<meta property=\"article:modified_time\" content=\"2025-09-14T13:04:22+00:00\" \/>\n<meta name=\"twitter:card\" content=\"summary_large_image\" \/>\n<meta name=\"twitter:label1\" content=\"Odhadovan\u00e1 doba \u010dten\u00ed\" \/>\n\t<meta name=\"twitter:data1\" content=\"1 minuta\" \/>\n<!-- \/ Yoast SEO plugin. -->","yoast_head_json":{"title":"Kontakty - Kontaktujte n\u00e1s pro eskortn\u00ed slu\u017eby","description":"Kontaktujte n\u00e1s pro rezervace, dotazy nebo podporu. Diskr\u00e9tn\u00ed komunikace, profesion\u00e1ln\u00ed slu\u017eby a p\u0159\u00e1telsk\u00e1 asistence zaji\u0161t\u011bna.","robots":{"index":"index","follow":"follow","max-snippet":"max-snippet:-1","max-image-preview":"max-image-preview:large","max-video-preview":"max-video-preview:-1"},"canonical":"https:\/\/praguescort.cz\/cs\/kontakty\/","og_locale":"cs_CZ","og_type":"article","og_title":"Kontakty - Kontaktujte n\u00e1s pro eskortn\u00ed slu\u017eby","og_description":"Kontaktujte n\u00e1s pro rezervace, dotazy nebo podporu. Diskr\u00e9tn\u00ed komunikace, profesion\u00e1ln\u00ed slu\u017eby a p\u0159\u00e1telsk\u00e1 asistence zaji\u0161t\u011bna.","og_url":"https:\/\/praguescort.cz\/cs\/kontakty\/","og_site_name":"Prague escort","article_modified_time":"2025-09-14T13:04:22+00:00","twitter_card":"summary_large_image","twitter_misc":{"Odhadovan\u00e1 doba \u010dten\u00ed":"1 minuta"},"schema":{"@context":"https:\/\/schema.org","@graph":[{"@type":"WebPage","@id":"https:\/\/praguescort.cz\/cs\/kontakty\/","url":"https:\/\/praguescort.cz\/cs\/kontakty\/","name":"Kontakty - Kontaktujte n\u00e1s pro eskortn\u00ed slu\u017eby","isPartOf":{"@id":"https:\/\/praguescort.cz\/cs\/#website"},"datePublished":"2023-03-14T11:54:47+00:00","dateModified":"2025-09-14T13:04:22+00:00","description":"Kontaktujte n\u00e1s pro rezervace, dotazy nebo podporu. Diskr\u00e9tn\u00ed komunikace, profesion\u00e1ln\u00ed slu\u017eby a p\u0159\u00e1telsk\u00e1 asistence zaji\u0161t\u011bna.","breadcrumb":{"@id":"https:\/\/praguescort.cz\/cs\/kontakty\/#breadcrumb"},"inLanguage":"cs","potentialAction":[{"@type":"ReadAction","target":["https:\/\/praguescort.cz\/cs\/kontakty\/"]}]},{"@type":"BreadcrumbList","@id":"https:\/\/praguescort.cz\/cs\/kontakty\/#breadcrumb","itemListElement":[{"@type":"ListItem","position":1,"name":"Home","item":"https:\/\/praguescort.cz\/cs\/"},{"@type":"ListItem","position":2,"name":"Kontakty"}]},{"@type":"WebSite","@id":"https:\/\/praguescort.cz\/cs\/#website","url":"https:\/\/praguescort.cz\/cs\/","name":"Prague escort","description":"Escort in Prague","publisher":{"@id":"https:\/\/praguescort.cz\/cs\/#organization"},"potentialAction":[{"@type":"SearchAction","target":{"@type":"EntryPoint","urlTemplate":"https:\/\/praguescort.cz\/cs\/?s={search_term_string}"},"query-input":{"@type":"PropertyValueSpecification","valueRequired":true,"valueName":"search_term_string"}}],"inLanguage":"cs"},{"@type":"Organization","@id":"https:\/\/praguescort.cz\/cs\/#organization","name":"Prague escort","url":"https:\/\/praguescort.cz\/cs\/","logo":{"@type":"ImageObject","inLanguage":"cs","@id":"https:\/\/praguescort.cz\/cs\/#\/schema\/logo\/image\/","url":"https:\/\/praguescort.cz\/wp-content\/uploads\/2023\/03\/logo.svg","contentUrl":"https:\/\/praguescort.cz\/wp-content\/uploads\/2023\/03\/logo.svg","caption":"Prague escort"},"image":{"@id":"https:\/\/praguescort.cz\/cs\/#\/schema\/logo\/image\/"}}]}},"_links":{"self":[{"href":"https:\/\/praguescort.cz\/cs\/wp-json\/wp\/v2\/pages\/4008","targetHints":{"allow":["GET"]}}],"collection":[{"href":"https:\/\/praguescort.cz\/cs\/wp-json\/wp\/v2\/pages"}],"about":[{"href":"https:\/\/praguescort.cz\/cs\/wp-json\/wp\/v2\/types\/page"}],"author":[{"embeddable":true,"href":"https:\/\/praguescort.cz\/cs\/wp-json\/wp\/v2\/users\/1"}],"replies":[{"embeddable":true,"href":"https:\/\/praguescort.cz\/cs\/wp-json\/wp\/v2\/comments?post=4008"}],"version-history":[{"count":9,"href":"https:\/\/praguescort.cz\/cs\/wp-json\/wp\/v2\/pages\/4008\/revisions"}],"predecessor-version":[{"id":7744,"href":"https:\/\/praguescort.cz\/cs\/wp-json\/wp\/v2\/pages\/4008\/revisions\/7744"}],"wp:attachment":[{"href":"https:\/\/praguescort.cz\/cs\/wp-json\/wp\/v2\/media?parent=4008"}],"curies":[{"name":"wp","href":"https:\/\/api.w.org\/{rel}","templated":true}]}}